{"id":1980,"date":"2023-04-20T16:34:27","date_gmt":"2023-04-20T16:34:27","guid":{"rendered":"https:\/\/chasingadventures.com.pe\/tour\/paso-del-zorro\/"},"modified":"2023-06-06T00:05:23","modified_gmt":"2023-06-06T00:05:23","slug":"paso-del-zorro","status":"publish","type":"product","link":"https:\/\/chasingadventures.com.pe\/es\/tours\/paso-del-zorro\/","title":{"rendered":"PASO DEL ZORRO"},"content":{"rendered":"<p>DISTANCIA<span style=\"font-weight: 400;\">:<\/span> 22 km(10 hrs aprox de caminata)<span style=\"font-weight: 400;\">.<\/span><\/p>\n<p><span style=\"font-weight: 400;\">DURACI\u00d3N: 12 hrs aprox.<\/span><\/p>\n<p><span style=\"font-weight: 400;\">DIFICULTAD: Moderado a dif\u00edcil.<\/span><\/p>\n<p>ALTITUD<span style=\"font-weight: 400;\">:<\/span> 3,850 to 4,355 m.s.n.m<span style=\"font-weight: 400;\">.<\/span><\/p>\n<p><span style=\"font-weight: 400;\">\u00c9POCA: Todo el a\u00f1o.<\/span><\/p>\n<p>\u00a1Prep\u00e1rate para una aventura inolvidable y desafiante! La famosa Ruta de las Cuatro Lagunas, tambi\u00e9n conocida como una de las caminatas de un d\u00eda m\u00e1s dif\u00edciles en el Parque Nacional Huascar\u00e1n, es la elecci\u00f3n perfecta para los amantes del senderismo y la naturaleza. Con m\u00e1s de 22 kil\u00f3metros de distancia, este circuito te llevar\u00e1 a trav\u00e9s de impresionantes paisajes alpinos y lagos cristalinos, ofreci\u00e9ndote vistas espectaculares que quedar\u00e1n grabadas en tu memoria para siempre. \u00a1Emb\u00e1rcate en este viaje \u00e9pico y descubre la belleza natural que te rodea! \u00a1No pierdas la oportunidad de desafiarte a ti mismo y crear recuerdos inolvidables!.<\/p>\n","protected":false},"excerpt":{"rendered":"<p>DISTANCIA: 22 km(10 hrs aprox de caminata). DURACI\u00d3N: 12 hrs aprox. DIFICULTAD: Moderado a dif\u00edcil. ALTITUD: 3,850 to 4,355 m.s.n.m. \u00c9POCA: Todo el a\u00f1o. \u00a1Prep\u00e1rate<\/p>\n<div class=\"padding-top text-center\"><a href=\"https:\/\/chasingadventures.com.pe\/es\/tours\/paso-del-zorro\/\" class=\"atbtn atbtn--medium atbtn--rounded atbtn--transparent\">Read more<i class=\"atbtn__icon atbtn__icon--right fa fa-long-arrow-right\"><\/i><\/a><\/div>\n","protected":false},"featured_media":1856,"template":"","meta":[],"product_brand":[],"product_cat":[170],"product_tag":[188,178,193,226,200,187,186,224,214],"class_list":{"0":"post-1980","1":"product","2":"type-product","3":"status-publish","4":"has-post-thumbnail","6":"product_cat-caminatas","7":"product_tag-caminata","8":"product_tag-chasing-adventures-es-2","9":"product_tag-huaraz-es","10":"product_tag-huascaran-es","11":"product_tag-parque-nacional","12":"product_tag-paso-del-zorro","13":"product_tag-ruta-de-los-4-lagos","14":"product_tag-senderismo","15":"product_tag-tours-es","16":"tour_category-caminatas","18":"first","19":"instock","20":"shipping-taxable","21":"purchasable","22":"product-type-tour"},"_links":{"self":[{"href":"https:\/\/chasingadventures.com.pe\/es\/wp-json\/wp\/v2\/product\/1980","targetHints":{"allow":["GET"]}}],"collection":[{"href":"https:\/\/chasingadventures.com.pe\/es\/wp-json\/wp\/v2\/product"}],"about":[{"href":"https:\/\/chasingadventures.com.pe\/es\/wp-json\/wp\/v2\/types\/product"}],"wp:featuredmedia":[{"embeddable":true,"href":"https:\/\/chasingadventures.com.pe\/es\/wp-json\/wp\/v2\/media\/1856"}],"wp:attachment":[{"href":"https:\/\/chasingadventures.com.pe\/es\/wp-json\/wp\/v2\/media?parent=1980"}],"wp:term":[{"taxonomy":"product_brand","embeddable":true,"href":"https:\/\/chasingadventures.com.pe\/es\/wp-json\/wp\/v2\/product_brand?post=1980"},{"taxonomy":"product_cat","embeddable":true,"href":"https:\/\/chasingadventures.com.pe\/es\/wp-json\/wp\/v2\/product_cat?post=1980"},{"taxonomy":"product_tag","embeddable":true,"href":"https:\/\/chasingadventures.com.pe\/es\/wp-json\/wp\/v2\/product_tag?post=1980"}],"curies":[{"name":"wp","href":"https:\/\/api.w.org\/{rel}","templated":true}]}}