{"id":1973,"date":"2023-04-28T02:23:24","date_gmt":"2023-04-28T02:23:24","guid":{"rendered":"https:\/\/chasingadventures.com.pe\/tour\/nevado-huascaran\/"},"modified":"2023-05-16T00:38:13","modified_gmt":"2023-05-16T00:38:13","slug":"nevado-huascaran","status":"publish","type":"product","link":"https:\/\/chasingadventures.com.pe\/es\/tours\/nevado-huascaran\/","title":{"rendered":"NEVADO HUASCAR\u00c1N"},"content":{"rendered":"<p>Ubicaci\u00f3n: Cordillera Blanca.<\/p>\n<p>Duraci\u00f3n: 6 d\u00edass \/ 5 noches<\/p>\n<p>Altitud m\u00e1xima: 6768 m (cima).<\/p>\n<p>Tipo de actividad: Caminata en hielo y escalada.<\/p>\n<p>Dificultad: Semi &#8211; T\u00e9cnica y Dif\u00edcil.<\/p>\n<p>Mejor temporada: de junio a agosto.<\/p>\n<p>Si eres un entusiasta del monta\u00f1ismo, definitivamente debes conocer la monta\u00f1a m\u00e1s alta y emblem\u00e1tica del Per\u00fa, \u00a1una verdadera joya natural! Esta majestuosa monta\u00f1a ocupa el tercer lugar en altura en Sudam\u00e9rica y representa un gran desaf\u00edo f\u00edsico y mental para los escaladores, debido al exigente recorrido a trav\u00e9s de su extenso glaciar.<\/p>\n","protected":false},"excerpt":{"rendered":"<p>Si eres un entusiasta del monta\u00f1ismo, definitivamente debes conocer la monta\u00f1a m\u00e1s alta y emblem\u00e1tica del Per\u00fa, \u00a1una verdadera joya natural! Esta majestuosa monta\u00f1a ocupa el tercer lugar en altura en Sudam\u00e9rica y representa un gran desaf\u00edo f\u00edsico y mental para los escaladores, debido al exigente recorrido a trav\u00e9s de su extenso glaciar.<\/p>\n","protected":false},"featured_media":1862,"template":"","meta":[],"product_brand":[],"product_cat":[171],"product_tag":[232,228,178,184,227,193,226,231,233,214],"class_list":{"0":"post-1973","1":"product","2":"type-product","3":"status-publish","4":"has-post-thumbnail","6":"product_cat-escalada-en-hielo","7":"product_tag-amantes-de-montana","8":"product_tag-caminata-en-hielo","9":"product_tag-chasing-adventures-es-2","10":"product_tag-cordillera-blanca-es","11":"product_tag-escalada-en-hielo","12":"product_tag-huaraz-es","13":"product_tag-huascaran-es","14":"product_tag-montanismo","15":"product_tag-picos","16":"product_tag-tours-es","17":"tour_category-escalada-en-hielo","19":"first","20":"instock","21":"shipping-taxable","22":"purchasable","23":"product-type-tour"},"_links":{"self":[{"href":"https:\/\/chasingadventures.com.pe\/es\/wp-json\/wp\/v2\/product\/1973","targetHints":{"allow":["GET"]}}],"collection":[{"href":"https:\/\/chasingadventures.com.pe\/es\/wp-json\/wp\/v2\/product"}],"about":[{"href":"https:\/\/chasingadventures.com.pe\/es\/wp-json\/wp\/v2\/types\/product"}],"wp:featuredmedia":[{"embeddable":true,"href":"https:\/\/chasingadventures.com.pe\/es\/wp-json\/wp\/v2\/media\/1862"}],"wp:attachment":[{"href":"https:\/\/chasingadventures.com.pe\/es\/wp-json\/wp\/v2\/media?parent=1973"}],"wp:term":[{"taxonomy":"product_brand","embeddable":true,"href":"https:\/\/chasingadventures.com.pe\/es\/wp-json\/wp\/v2\/product_brand?post=1973"},{"taxonomy":"product_cat","embeddable":true,"href":"https:\/\/chasingadventures.com.pe\/es\/wp-json\/wp\/v2\/product_cat?post=1973"},{"taxonomy":"product_tag","embeddable":true,"href":"https:\/\/chasingadventures.com.pe\/es\/wp-json\/wp\/v2\/product_tag?post=1973"}],"curies":[{"name":"wp","href":"https:\/\/api.w.org\/{rel}","templated":true}]}}