{"id":1972,"date":"2023-04-28T02:16:30","date_gmt":"2023-04-28T02:16:30","guid":{"rendered":"https:\/\/chasingadventures.com.pe\/tour\/nevado-alpamayo\/"},"modified":"2023-05-03T21:25:21","modified_gmt":"2023-05-03T21:25:21","slug":"nevado-alpamayo","status":"publish","type":"product","link":"https:\/\/chasingadventures.com.pe\/es\/tours\/nevado-alpamayo\/","title":{"rendered":"NEVADO ALPAMAYO"},"content":{"rendered":"<p>Ubicaci\u00f3n: Cordillera Blanca.<\/p>\n<p>Duraci\u00f3n: 7 d\u00edas \/ 6 noches.<\/p>\n<p>Altitud m\u00e1xima: 5947 m (cima).<\/p>\n<p>Tipo de actividad: Escalada en hielo.<\/p>\n<p>Dificultad: T\u00e9cnica y profesional.<\/p>\n<p>Mejor temporada: de junio a agosto.<\/p>\n<p>\u00abConsiderada una de las joyas de la Cordillera Blanca y el destino m\u00e1s codiciado por los escaladores profesionales, esta monta\u00f1a plantea un gran desaf\u00edo f\u00edsico, t\u00e9cnico y mental debido a sus empinadas paredes t\u00e9cnicas. Es un destino esencial para aquellos que buscan poner a prueba sus habilidades de escalada al l\u00edmite y experimentar vistas impresionantes desde la cima.\u00bb<\/p>\n","protected":false},"excerpt":{"rendered":"<p>Ubicaci\u00f3n: Cordillera Blanca. Duraci\u00f3n: 7 d\u00edas \/ 6 noches. Altitud m\u00e1xima: 5947 m (cima). Tipo de actividad: Escalada en hielo. Dificultad: T\u00e9cnica y profesional. Mejor<\/p>\n<div class=\"padding-top text-center\"><a href=\"https:\/\/chasingadventures.com.pe\/es\/tours\/nevado-alpamayo\/\" class=\"atbtn atbtn--medium atbtn--rounded atbtn--transparent\">Read more<i class=\"atbtn__icon atbtn__icon--right fa fa-long-arrow-right\"><\/i><\/a><\/div>\n","protected":false},"featured_media":1864,"template":"","meta":[],"product_brand":[],"product_cat":[171],"product_tag":[173,232,178,184,227,193,231,233,214],"class_list":{"0":"post-1972","1":"product","2":"type-product","3":"status-publish","4":"has-post-thumbnail","6":"product_cat-escalada-en-hielo","7":"product_tag-alpamayo-es","8":"product_tag-amantes-de-montana","9":"product_tag-chasing-adventures-es-2","10":"product_tag-cordillera-blanca-es","11":"product_tag-escalada-en-hielo","12":"product_tag-huaraz-es","13":"product_tag-montanismo","14":"product_tag-picos","15":"product_tag-tours-es","16":"tour_category-escalada-en-hielo","18":"first","19":"instock","20":"shipping-taxable","21":"purchasable","22":"product-type-tour"},"_links":{"self":[{"href":"https:\/\/chasingadventures.com.pe\/es\/wp-json\/wp\/v2\/product\/1972","targetHints":{"allow":["GET"]}}],"collection":[{"href":"https:\/\/chasingadventures.com.pe\/es\/wp-json\/wp\/v2\/product"}],"about":[{"href":"https:\/\/chasingadventures.com.pe\/es\/wp-json\/wp\/v2\/types\/product"}],"wp:featuredmedia":[{"embeddable":true,"href":"https:\/\/chasingadventures.com.pe\/es\/wp-json\/wp\/v2\/media\/1864"}],"wp:attachment":[{"href":"https:\/\/chasingadventures.com.pe\/es\/wp-json\/wp\/v2\/media?parent=1972"}],"wp:term":[{"taxonomy":"product_brand","embeddable":true,"href":"https:\/\/chasingadventures.com.pe\/es\/wp-json\/wp\/v2\/product_brand?post=1972"},{"taxonomy":"product_cat","embeddable":true,"href":"https:\/\/chasingadventures.com.pe\/es\/wp-json\/wp\/v2\/product_cat?post=1972"},{"taxonomy":"product_tag","embeddable":true,"href":"https:\/\/chasingadventures.com.pe\/es\/wp-json\/wp\/v2\/product_tag?post=1972"}],"curies":[{"name":"wp","href":"https:\/\/api.w.org\/{rel}","templated":true}]}}