{"id":1971,"date":"2023-04-28T02:09:35","date_gmt":"2023-04-28T02:09:35","guid":{"rendered":"https:\/\/chasingadventures.com.pe\/tour\/nevado-tocllaraju\/"},"modified":"2023-05-03T21:29:45","modified_gmt":"2023-05-03T21:29:45","slug":"nevado-tocllaraju","status":"publish","type":"product","link":"https:\/\/chasingadventures.com.pe\/es\/tours\/nevado-tocllaraju\/","title":{"rendered":"NEVADO TOCLLARAJU"},"content":{"rendered":"<p>Ubicaci\u00f3n: Cordillera Blanca.<\/p>\n<p>Duraci\u00f3n: 4 d\u00edas \/3 noches.<\/p>\n<p>Elevaci\u00f3n m\u00e1xima: 6034 m.(cumbre).<\/p>\n<p>Modalidad: Escalada en hielo.<\/p>\n<p>Dificultad: Moderada (intermedio semi-t\u00e9cnico).<\/p>\n<p>Mejor \u00e9poca: Mayo a Setiembre .<\/p>\n<p>Esta impresionante monta\u00f1a es una de las m\u00e1s visitadas y escaladas por los monta\u00f1istas debido a su imponente altura de m\u00e1s de 6,000 metros y su atractivo aspecto piramidal que cautiva a todo aquel que la contempla. Desde el primer momento en que llegues al campo base en el valle de Ishinca, te sentir\u00e1s fascinado por su majestuosidad. Pero lo mejor a\u00fan est\u00e1 por venir, cuando te enfrentes a la pared con tus equipos de monta\u00f1a, sentir\u00e1s una dosis de adrenalina pura.<\/p>\n","protected":false},"excerpt":{"rendered":"<p>Ubicaci\u00f3n: Cordillera Blanca. Duraci\u00f3n: 4 d\u00edas \/3 noches. Elevaci\u00f3n m\u00e1xima: 6034 m.(cumbre). Modalidad: Escalada en hielo. Dificultad: Moderada (intermedio semi-t\u00e9cnico). Mejor \u00e9poca: Mayo a Setiembre<\/p>\n<div class=\"padding-top text-center\"><a href=\"https:\/\/chasingadventures.com.pe\/es\/tours\/nevado-tocllaraju\/\" class=\"atbtn atbtn--medium atbtn--rounded atbtn--transparent\">Read more<i class=\"atbtn__icon atbtn__icon--right fa fa-long-arrow-right\"><\/i><\/a><\/div>\n","protected":false},"featured_media":1866,"template":"","meta":[],"product_brand":[],"product_cat":[171],"product_tag":[232,178,184,227,193,231,233,213,214],"class_list":{"0":"post-1971","1":"product","2":"type-product","3":"status-publish","4":"has-post-thumbnail","6":"product_cat-escalada-en-hielo","7":"product_tag-amantes-de-montana","8":"product_tag-chasing-adventures-es-2","9":"product_tag-cordillera-blanca-es","10":"product_tag-escalada-en-hielo","11":"product_tag-huaraz-es","12":"product_tag-montanismo","13":"product_tag-picos","14":"product_tag-tocllaraju-es","15":"product_tag-tours-es","16":"tour_category-escalada-en-hielo","18":"first","19":"instock","20":"shipping-taxable","21":"purchasable","22":"product-type-tour"},"_links":{"self":[{"href":"https:\/\/chasingadventures.com.pe\/es\/wp-json\/wp\/v2\/product\/1971","targetHints":{"allow":["GET"]}}],"collection":[{"href":"https:\/\/chasingadventures.com.pe\/es\/wp-json\/wp\/v2\/product"}],"about":[{"href":"https:\/\/chasingadventures.com.pe\/es\/wp-json\/wp\/v2\/types\/product"}],"wp:featuredmedia":[{"embeddable":true,"href":"https:\/\/chasingadventures.com.pe\/es\/wp-json\/wp\/v2\/media\/1866"}],"wp:attachment":[{"href":"https:\/\/chasingadventures.com.pe\/es\/wp-json\/wp\/v2\/media?parent=1971"}],"wp:term":[{"taxonomy":"product_brand","embeddable":true,"href":"https:\/\/chasingadventures.com.pe\/es\/wp-json\/wp\/v2\/product_brand?post=1971"},{"taxonomy":"product_cat","embeddable":true,"href":"https:\/\/chasingadventures.com.pe\/es\/wp-json\/wp\/v2\/product_cat?post=1971"},{"taxonomy":"product_tag","embeddable":true,"href":"https:\/\/chasingadventures.com.pe\/es\/wp-json\/wp\/v2\/product_tag?post=1971"}],"curies":[{"name":"wp","href":"https:\/\/api.w.org\/{rel}","templated":true}]}}