{"id":1970,"date":"2023-04-28T02:02:15","date_gmt":"2023-04-28T02:02:15","guid":{"rendered":"https:\/\/chasingadventures.com.pe\/tour\/nevado-yanapaccha\/"},"modified":"2023-04-28T02:02:15","modified_gmt":"2023-04-28T02:02:15","slug":"nevado-yanapaccha","status":"publish","type":"product","link":"https:\/\/chasingadventures.com.pe\/es\/tours\/nevado-yanapaccha\/","title":{"rendered":"NEVADO YANAPACCHA"},"content":{"rendered":"<p>Ubicaci\u00f3n: Cordillera Blanca.<\/p>\n<p>Duraci\u00f3n: 2 d\u00edas \/1 noches.<\/p>\n<p>Elevaci\u00f3n m\u00e1xima: 5460 m.(cumbre).<\/p>\n<p>Modalidad: Escalada en hielo.<\/p>\n<p>Dificultad: Moderada (intermedio semi-t\u00e9cnico).<\/p>\n<p>Mejor \u00e9poca: Abril a Noviembre.<\/p>\n<p>Si est\u00e1s buscando una aventura de escalada en hielo que te lleve a nuevas alturas, no busques m\u00e1s all\u00e1 de esta impresionante monta\u00f1a de la Cordillera Blanca. Con una ubicaci\u00f3n estrat\u00e9gica entre las cumbres m\u00e1s ic\u00f3nicas de la cordillera, esta monta\u00f1a ofrece vistas panor\u00e1micas que te dejar\u00e1n sin aliento una vez que llegues a la cima.<\/p>\n<p>Para los amantes de la escalada en hielo, la cara este de esta monta\u00f1a presenta un desaf\u00edo emocionante y exigente que pone a prueba tus habilidades de escalada en hielo. Al utilizar un piolet t\u00e9cnico en una pared de hielo, sentir\u00e1s la adrenalina corriendo por tus venas mientras subes por la pared y conquistas la cima.<\/p>\n","protected":false},"excerpt":{"rendered":"<p>Ubicaci\u00f3n: Cordillera Blanca. Duraci\u00f3n: 2 d\u00edas \/1 noches. Elevaci\u00f3n m\u00e1xima: 5460 m.(cumbre). Modalidad: Escalada en hielo. Dificultad: Moderada (intermedio semi-t\u00e9cnico). Mejor \u00e9poca: Abril a Noviembre.<\/p>\n<div class=\"padding-top text-center\"><a href=\"https:\/\/chasingadventures.com.pe\/es\/tours\/nevado-yanapaccha\/\" class=\"atbtn atbtn--medium atbtn--rounded atbtn--transparent\">Read more<i class=\"atbtn__icon atbtn__icon--right fa fa-long-arrow-right\"><\/i><\/a><\/div>\n","protected":false},"featured_media":1881,"template":"","meta":[],"product_brand":[],"product_cat":[171],"product_tag":[232,178,184,227,193,231,233,214,217],"class_list":{"0":"post-1970","1":"product","2":"type-product","3":"status-publish","4":"has-post-thumbnail","6":"product_cat-escalada-en-hielo","7":"product_tag-amantes-de-montana","8":"product_tag-chasing-adventures-es-2","9":"product_tag-cordillera-blanca-es","10":"product_tag-escalada-en-hielo","11":"product_tag-huaraz-es","12":"product_tag-montanismo","13":"product_tag-picos","14":"product_tag-tours-es","15":"product_tag-yanapaccha-es","17":"first","18":"instock","19":"shipping-taxable","20":"product-type-tour"},"_links":{"self":[{"href":"https:\/\/chasingadventures.com.pe\/es\/wp-json\/wp\/v2\/product\/1970","targetHints":{"allow":["GET"]}}],"collection":[{"href":"https:\/\/chasingadventures.com.pe\/es\/wp-json\/wp\/v2\/product"}],"about":[{"href":"https:\/\/chasingadventures.com.pe\/es\/wp-json\/wp\/v2\/types\/product"}],"wp:featuredmedia":[{"embeddable":true,"href":"https:\/\/chasingadventures.com.pe\/es\/wp-json\/wp\/v2\/media\/1881"}],"wp:attachment":[{"href":"https:\/\/chasingadventures.com.pe\/es\/wp-json\/wp\/v2\/media?parent=1970"}],"wp:term":[{"taxonomy":"product_brand","embeddable":true,"href":"https:\/\/chasingadventures.com.pe\/es\/wp-json\/wp\/v2\/product_brand?post=1970"},{"taxonomy":"product_cat","embeddable":true,"href":"https:\/\/chasingadventures.com.pe\/es\/wp-json\/wp\/v2\/product_cat?post=1970"},{"taxonomy":"product_tag","embeddable":true,"href":"https:\/\/chasingadventures.com.pe\/es\/wp-json\/wp\/v2\/product_tag?post=1970"}],"curies":[{"name":"wp","href":"https:\/\/api.w.org\/{rel}","templated":true}]}}