{"id":1969,"date":"2023-04-28T01:54:50","date_gmt":"2023-04-28T01:54:50","guid":{"rendered":"https:\/\/chasingadventures.com.pe\/tour\/nevado-pisco\/"},"modified":"2023-05-03T21:28:52","modified_gmt":"2023-05-03T21:28:52","slug":"nevado-pisco","status":"publish","type":"product","link":"https:\/\/chasingadventures.com.pe\/es\/tours\/nevado-pisco\/","title":{"rendered":"NEVADO PISCO"},"content":{"rendered":"<p>Ubicaci\u00f3n: Cordillera Blanca.<\/p>\n<p>Duraci\u00f3n: 3 d\u00edas \/2 noches.<\/p>\n<p>Elevaci\u00f3n m\u00e1xima: 5752 m.(cumbre).<\/p>\n<p>Modalidad: caminata en hielo.<\/p>\n<p>Dificultad: Moderada a dif\u00edcil.<\/p>\n<p>Mejor \u00e9poca: Abril a Noviembre.<\/p>\n<p>Si eres un amante de la aventura y buscas una experiencia \u00fanica en la monta\u00f1a, \u00a1no puedes perderte la oportunidad de escalar el Nevado Pisco! Esta majestuosa monta\u00f1a es una de las m\u00e1s populares entre los monta\u00f1istas, gracias a su ubicaci\u00f3n privilegiada y sus impresionantes vistas.<\/p>\n<p>Desde su cumbre, tendr\u00e1s una vista de 360\u00b0 grados de las monta\u00f1as m\u00e1s importantes de la Cordillera Blanca, incluyendo el imponente Nevado Huascar\u00e1n, el majestuoso Chopicalqui, el m\u00edstico Yanapaccha y el desafiante Chacraraju. Sin duda, una experiencia que no querr\u00e1s perderte.<\/p>\n","protected":false},"excerpt":{"rendered":"<p>Ubicaci\u00f3n: Cordillera Blanca. Duraci\u00f3n: 3 d\u00edas \/2 noches. Elevaci\u00f3n m\u00e1xima: 5752 m.(cumbre). Modalidad: caminata en hielo. Dificultad: Moderada a dif\u00edcil. Mejor \u00e9poca: Abril a Noviembre.<\/p>\n<div class=\"padding-top text-center\"><a href=\"https:\/\/chasingadventures.com.pe\/es\/tours\/nevado-pisco\/\" class=\"atbtn atbtn--medium atbtn--rounded atbtn--transparent\">Read more<i class=\"atbtn__icon atbtn__icon--right fa fa-long-arrow-right\"><\/i><\/a><\/div>\n","protected":false},"featured_media":1869,"template":"","meta":[],"product_brand":[],"product_cat":[171],"product_tag":[232,178,184,227,193,231,233,205,214],"class_list":{"0":"post-1969","1":"product","2":"type-product","3":"status-publish","4":"has-post-thumbnail","6":"product_cat-escalada-en-hielo","7":"product_tag-amantes-de-montana","8":"product_tag-chasing-adventures-es-2","9":"product_tag-cordillera-blanca-es","10":"product_tag-escalada-en-hielo","11":"product_tag-huaraz-es","12":"product_tag-montanismo","13":"product_tag-picos","14":"product_tag-pisco-es","15":"product_tag-tours-es","16":"tour_category-escalada-en-hielo","18":"first","19":"instock","20":"shipping-taxable","21":"purchasable","22":"product-type-tour"},"_links":{"self":[{"href":"https:\/\/chasingadventures.com.pe\/es\/wp-json\/wp\/v2\/product\/1969","targetHints":{"allow":["GET"]}}],"collection":[{"href":"https:\/\/chasingadventures.com.pe\/es\/wp-json\/wp\/v2\/product"}],"about":[{"href":"https:\/\/chasingadventures.com.pe\/es\/wp-json\/wp\/v2\/types\/product"}],"wp:featuredmedia":[{"embeddable":true,"href":"https:\/\/chasingadventures.com.pe\/es\/wp-json\/wp\/v2\/media\/1869"}],"wp:attachment":[{"href":"https:\/\/chasingadventures.com.pe\/es\/wp-json\/wp\/v2\/media?parent=1969"}],"wp:term":[{"taxonomy":"product_brand","embeddable":true,"href":"https:\/\/chasingadventures.com.pe\/es\/wp-json\/wp\/v2\/product_brand?post=1969"},{"taxonomy":"product_cat","embeddable":true,"href":"https:\/\/chasingadventures.com.pe\/es\/wp-json\/wp\/v2\/product_cat?post=1969"},{"taxonomy":"product_tag","embeddable":true,"href":"https:\/\/chasingadventures.com.pe\/es\/wp-json\/wp\/v2\/product_tag?post=1969"}],"curies":[{"name":"wp","href":"https:\/\/api.w.org\/{rel}","templated":true}]}}