{"id":1968,"date":"2023-04-28T01:38:17","date_gmt":"2023-04-28T01:38:17","guid":{"rendered":"https:\/\/chasingadventures.com.pe\/tour\/nevado-vallunaraju\/"},"modified":"2023-05-03T21:30:36","modified_gmt":"2023-05-03T21:30:36","slug":"nevado-vallunaraju","status":"publish","type":"product","link":"https:\/\/chasingadventures.com.pe\/es\/tours\/nevado-vallunaraju\/","title":{"rendered":"NEVADO VALLUNARAJU"},"content":{"rendered":"<p>Ubicaci\u00f3n: Cordillera Blanca.<\/p>\n<p>Duraci\u00f3n: 2 d\u00edas \/1 noche.<\/p>\n<p>Elevaci\u00f3n m\u00e1xima: 5686 m.(cumbre).<\/p>\n<p>Modalidad: caminata en hielo.<\/p>\n<p>Dificultad: Moderado.<\/p>\n<p>Mejor \u00e9poca: Todo el a\u00f1o.<\/p>\n<p>&nbsp;<\/p>\n<p>Uno de los picos m\u00e1s accesibles de la Cordillera Blanca, el cual puede ser escalado desde la ciudad de Huaraz, es una excelente opci\u00f3n para aquellos que deseen iniciarse en el monta\u00f1ismo. Aunque es considerada una monta\u00f1a de baja complejidad t\u00e9cnica, no es menos impresionante en cuanto a su belleza natural y vistas panor\u00e1micas. Desde la cumbre del pico ofrece un impresionante mirador con vistas panor\u00e1micas de la Cordillera Blanca y sus monta\u00f1as circundantes. Sin duda, es una experiencia inolvidable para cualquier amante de la monta\u00f1a.<\/p>\n","protected":false},"excerpt":{"rendered":"<p>Ubicaci\u00f3n: Cordillera Blanca. Duraci\u00f3n: 2 d\u00edas \/1 noche. Elevaci\u00f3n m\u00e1xima: 5686 m.(cumbre). Modalidad: caminata en hielo. Dificultad: Moderado. Mejor \u00e9poca: Todo el a\u00f1o. &nbsp; Uno<\/p>\n<div class=\"padding-top text-center\"><a href=\"https:\/\/chasingadventures.com.pe\/es\/tours\/nevado-vallunaraju\/\" class=\"atbtn atbtn--medium atbtn--rounded atbtn--transparent\">Read more<i class=\"atbtn__icon atbtn__icon--right fa fa-long-arrow-right\"><\/i><\/a><\/div>\n","protected":false},"featured_media":1833,"template":"","meta":[],"product_brand":[],"product_cat":[171],"product_tag":[232,178,184,227,193,231,233,214,240],"class_list":{"0":"post-1968","1":"product","2":"type-product","3":"status-publish","4":"has-post-thumbnail","6":"product_cat-escalada-en-hielo","7":"product_tag-amantes-de-montana","8":"product_tag-chasing-adventures-es-2","9":"product_tag-cordillera-blanca-es","10":"product_tag-escalada-en-hielo","11":"product_tag-huaraz-es","12":"product_tag-montanismo","13":"product_tag-picos","14":"product_tag-tours-es","15":"product_tag-vallunaraju-es","16":"tour_category-escalada-en-hielo","18":"first","19":"instock","20":"shipping-taxable","21":"purchasable","22":"product-type-tour"},"_links":{"self":[{"href":"https:\/\/chasingadventures.com.pe\/es\/wp-json\/wp\/v2\/product\/1968","targetHints":{"allow":["GET"]}}],"collection":[{"href":"https:\/\/chasingadventures.com.pe\/es\/wp-json\/wp\/v2\/product"}],"about":[{"href":"https:\/\/chasingadventures.com.pe\/es\/wp-json\/wp\/v2\/types\/product"}],"wp:featuredmedia":[{"embeddable":true,"href":"https:\/\/chasingadventures.com.pe\/es\/wp-json\/wp\/v2\/media\/1833"}],"wp:attachment":[{"href":"https:\/\/chasingadventures.com.pe\/es\/wp-json\/wp\/v2\/media?parent=1968"}],"wp:term":[{"taxonomy":"product_brand","embeddable":true,"href":"https:\/\/chasingadventures.com.pe\/es\/wp-json\/wp\/v2\/product_brand?post=1968"},{"taxonomy":"product_cat","embeddable":true,"href":"https:\/\/chasingadventures.com.pe\/es\/wp-json\/wp\/v2\/product_cat?post=1968"},{"taxonomy":"product_tag","embeddable":true,"href":"https:\/\/chasingadventures.com.pe\/es\/wp-json\/wp\/v2\/product_tag?post=1968"}],"curies":[{"name":"wp","href":"https:\/\/api.w.org\/{rel}","templated":true}]}}