{"id":1948,"date":"2023-04-26T15:42:39","date_gmt":"2023-04-26T15:42:39","guid":{"rendered":"https:\/\/chasingadventures.com.pe\/tour\/trekking-santa-cruz\/"},"modified":"2023-05-24T20:50:19","modified_gmt":"2023-05-24T20:50:19","slug":"santa-cruz-trekking","status":"publish","type":"product","link":"https:\/\/chasingadventures.com.pe\/es\/tours\/santa-cruz-trekking\/","title":{"rendered":"TREKKING SANTA CRUZ"},"content":{"rendered":"<p>Ubicaci\u00f3n: Cordillera Blanca<\/p>\n<p>Duraci\u00f3n: 4 d\u00edas \/ 3 noches.<\/p>\n<p>Distancia: 54 Km.<\/p>\n<p>Elevaci\u00f3n m\u00e1xima: 4,780<span style=\"font-weight: 400;\">m<\/span>. (Punta Uni\u00f3n).<\/p>\n<p>Dificultad: Moderado.<\/p>\n<p>Mejor \u00e9poca: Abril &#8211; Noviembre.<\/p>\n<p>La Cordillera Blanca ofrece una experiencia inolvidable en una de las caminatas m\u00e1s populares de la zona. En este recorrido, tendr\u00e1s la oportunidad de apreciar espectaculares monta\u00f1as y lagos con vistas impresionantes y colores vibrantes. Desde el inicio del sendero, te maravillaras con las monta\u00f1as Artesonraju, Rinrijirca y Alpamayo.<\/p>\n<p>Durante el trayecto hacia Vaqueria en la quebrada de Llanganuco, te deleitar\u00e1s con las hermosas lagunas de Chinancocha y Orconcocha. Y desde el Paso Portachuelo, podr\u00e1s observar las monta\u00f1as m\u00e1s importantes del Per\u00fa, incluyendo Huascar\u00e1n, los cuatro picos de Huandoy, Pisco, Chacraraju y Chopicalqui.<\/p>\n<p>Esta experiencia te permitir\u00e1 conectar con la naturaleza y vivir una aventura inolvidable en uno de los lugares m\u00e1s bellos del mundo.<\/p>\n","protected":false},"excerpt":{"rendered":"<p>Ubicaci\u00f3n: Cordillera Blanca Duraci\u00f3n: 4 d\u00edas \/ 3 noches. Distancia: 54 Km. Elevaci\u00f3n m\u00e1xima: 4,780m. (Punta Uni\u00f3n). Dificultad: Moderado. Mejor \u00e9poca: Abril &#8211; Noviembre. La<\/p>\n<div class=\"padding-top text-center\"><a href=\"https:\/\/chasingadventures.com.pe\/es\/tours\/santa-cruz-trekking\/\" class=\"atbtn atbtn--medium atbtn--rounded atbtn--transparent\">Read more<i class=\"atbtn__icon atbtn__icon--right fa fa-long-arrow-right\"><\/i><\/a><\/div>\n","protected":false},"featured_media":1816,"template":"","meta":[],"product_brand":[],"product_cat":[172],"product_tag":[176,178,180,181,184,191,193,226,229,198,201,233,205,239,214,238],"class_list":{"0":"post-1948","1":"product","2":"type-product","3":"status-publish","4":"has-post-thumbnail","6":"product_cat-trekking-es","7":"product_tag-chacraraju-es","8":"product_tag-chasing-adventures-es-2","9":"product_tag-chinancocha-es","10":"product_tag-chopicalqui-es","11":"product_tag-cordillera-blanca-es","12":"product_tag-huandoy-es","13":"product_tag-huaraz-es","14":"product_tag-huascaran-es","15":"product_tag-lagos","16":"product_tag-lllanganuco-es","17":"product_tag-orconcha-es","18":"product_tag-picos","19":"product_tag-pisco-es","20":"product_tag-senderismo-es","21":"product_tag-tours-es","22":"product_tag-trek-es","23":"tour_category-trekking-es","25":"first","26":"instock","27":"shipping-taxable","28":"purchasable","29":"product-type-tour"},"_links":{"self":[{"href":"https:\/\/chasingadventures.com.pe\/es\/wp-json\/wp\/v2\/product\/1948","targetHints":{"allow":["GET"]}}],"collection":[{"href":"https:\/\/chasingadventures.com.pe\/es\/wp-json\/wp\/v2\/product"}],"about":[{"href":"https:\/\/chasingadventures.com.pe\/es\/wp-json\/wp\/v2\/types\/product"}],"wp:featuredmedia":[{"embeddable":true,"href":"https:\/\/chasingadventures.com.pe\/es\/wp-json\/wp\/v2\/media\/1816"}],"wp:attachment":[{"href":"https:\/\/chasingadventures.com.pe\/es\/wp-json\/wp\/v2\/media?parent=1948"}],"wp:term":[{"taxonomy":"product_brand","embeddable":true,"href":"https:\/\/chasingadventures.com.pe\/es\/wp-json\/wp\/v2\/product_brand?post=1948"},{"taxonomy":"product_cat","embeddable":true,"href":"https:\/\/chasingadventures.com.pe\/es\/wp-json\/wp\/v2\/product_cat?post=1948"},{"taxonomy":"product_tag","embeddable":true,"href":"https:\/\/chasingadventures.com.pe\/es\/wp-json\/wp\/v2\/product_tag?post=1948"}],"curies":[{"name":"wp","href":"https:\/\/api.w.org\/{rel}","templated":true}]}}