{"id":1947,"date":"2023-04-26T15:36:34","date_gmt":"2023-04-26T15:36:34","guid":{"rendered":"https:\/\/chasingadventures.com.pe\/tour\/trekking-quillcayhuanca-cojup\/"},"modified":"2023-05-04T01:44:42","modified_gmt":"2023-05-04T01:44:42","slug":"quillcayhuanca-cojup-trekking","status":"publish","type":"product","link":"https:\/\/chasingadventures.com.pe\/es\/tours\/quillcayhuanca-cojup-trekking\/","title":{"rendered":"TREKKING QUILLCAYHUANCA\/COJUP"},"content":{"rendered":"<p>Ubicaci\u00f3n: Cordillera Blanca<\/p>\n<p>Duraci\u00f3n: 3 d\u00edas \/ 2 noches.<\/p>\n<p>Distancia: 27.4 Km.<\/p>\n<p>Elevaci\u00f3n m\u00e1xima: 5,060<span style=\"font-weight: 400;\">m<\/span>.(Paso Huapi).<\/p>\n<p>Dificultad: Dif\u00edcil.<\/p>\n<p>Mejor \u00e9poca: Abril &#8211; Noviembre.<\/p>\n<p>\u00a1Descubre una aventura de trekking emocionante y \u00fanica en altitudes elevadas! Sum\u00e9rgete en ecosistemas llenos de vida silvestre nativa y contempla majestuosas especies como c\u00f3ndores andinos, venados, vizcachas y mucho m\u00e1s. Explora las cumbres nevadas, los coloridos lagos y los valles en una experiencia de belleza y aventura excepcionales. \u00a1Ven a dejarte cautivar por la naturaleza en su m\u00e1xima expresi\u00f3n y vive una experiencia inolvidable! \u00a1No te pierdas la oportunidad de vivir esta emocionante aventura!<\/p>\n","protected":false},"excerpt":{"rendered":"<p>Ubicaci\u00f3n: Cordillera Blanca Duraci\u00f3n: 3 d\u00edas \/ 2 noches. Distancia: 27.4 Km. Elevaci\u00f3n m\u00e1xima: 5,060m.(Paso Huapi). Dificultad: Dif\u00edcil. Mejor \u00e9poca: Abril &#8211; Noviembre. \u00a1Descubre una<\/p>\n<div class=\"padding-top text-center\"><a href=\"https:\/\/chasingadventures.com.pe\/es\/tours\/quillcayhuanca-cojup-trekking\/\" class=\"atbtn atbtn--medium atbtn--rounded atbtn--transparent\">Read more<i class=\"atbtn__icon atbtn__icon--right fa fa-long-arrow-right\"><\/i><\/a><\/div>\n","protected":false},"featured_media":1807,"template":"","meta":[],"product_brand":[],"product_cat":[172],"product_tag":[178,184,193,211,239,214,238],"class_list":{"0":"post-1947","1":"product","2":"type-product","3":"status-publish","4":"has-post-thumbnail","6":"product_cat-trekking-es","7":"product_tag-chasing-adventures-es-2","8":"product_tag-cordillera-blanca-es","9":"product_tag-huaraz-es","10":"product_tag-quillcayhuanca-es","11":"product_tag-senderismo-es","12":"product_tag-tours-es","13":"product_tag-trek-es","14":"tour_category-trekking-es","16":"first","17":"instock","18":"shipping-taxable","19":"purchasable","20":"product-type-tour"},"_links":{"self":[{"href":"https:\/\/chasingadventures.com.pe\/es\/wp-json\/wp\/v2\/product\/1947","targetHints":{"allow":["GET"]}}],"collection":[{"href":"https:\/\/chasingadventures.com.pe\/es\/wp-json\/wp\/v2\/product"}],"about":[{"href":"https:\/\/chasingadventures.com.pe\/es\/wp-json\/wp\/v2\/types\/product"}],"wp:featuredmedia":[{"embeddable":true,"href":"https:\/\/chasingadventures.com.pe\/es\/wp-json\/wp\/v2\/media\/1807"}],"wp:attachment":[{"href":"https:\/\/chasingadventures.com.pe\/es\/wp-json\/wp\/v2\/media?parent=1947"}],"wp:term":[{"taxonomy":"product_brand","embeddable":true,"href":"https:\/\/chasingadventures.com.pe\/es\/wp-json\/wp\/v2\/product_brand?post=1947"},{"taxonomy":"product_cat","embeddable":true,"href":"https:\/\/chasingadventures.com.pe\/es\/wp-json\/wp\/v2\/product_cat?post=1947"},{"taxonomy":"product_tag","embeddable":true,"href":"https:\/\/chasingadventures.com.pe\/es\/wp-json\/wp\/v2\/product_tag?post=1947"}],"curies":[{"name":"wp","href":"https:\/\/api.w.org\/{rel}","templated":true}]}}