{"id":1946,"date":"2023-04-26T14:29:45","date_gmt":"2023-04-26T14:29:45","guid":{"rendered":"https:\/\/chasingadventures.com.pe\/tour\/caminata-por-la-ruta-virgen-y-salvaje\/"},"modified":"2023-05-04T01:39:19","modified_gmt":"2023-05-04T01:39:19","slug":"caminata-por-la-ruta-virgen-y-salvaje","status":"publish","type":"product","link":"https:\/\/chasingadventures.com.pe\/es\/tours\/caminata-por-la-ruta-virgen-y-salvaje\/","title":{"rendered":"CAMINATA POR LA RUTA VIRGEN Y SALVAJE"},"content":{"rendered":"<p>Ubicaci\u00f3n: Cordillera Blanca<\/p>\n<p>Duraci\u00f3n: 2 d\u00edas \/ 1 noche<\/p>\n<p>Distancia: 18 km<\/p>\n<p>Elevaci\u00f3n m\u00e1xima: 4990 <span style=\"font-weight: 400;\">m<\/span>.(Mirador).<\/p>\n<p>Dificultad: Moderado.<\/p>\n<p>Mejor temporada: Abril &#8211; Noviembre<\/p>\n<p>\u00a1Descubre uno de los lugares m\u00e1s hermosos, v\u00edrgenes y salvajes en la Cordillera Blanca! \u00danete a nosotros en una aventura de dos d\u00edas y una noche, donde podr\u00e1s explorar un territorio menos transitado y disfrutar de la belleza natural del lugar.<\/p>\n<p>Durante la caminata, visitaremos cuatro impresionantes lagunas con diferentes tonalidades de colores, cada una con sus propias caracter\u00edsticas y encanto. Y lo mejor de todo es que acamparemos al pie del majestuoso Nevado Hualcan, creando un ambiente m\u00e1gico y lleno de vida que te har\u00e1 sentir en armon\u00eda con la naturaleza!.<\/p>\n","protected":false},"excerpt":{"rendered":"<p>Ubicaci\u00f3n: Cordillera Blanca Duraci\u00f3n: 2 d\u00edas \/ 1 noche Distancia: 18 km Elevaci\u00f3n m\u00e1xima: 4990 m.(Mirador). Dificultad: Moderado. Mejor temporada: Abril &#8211; Noviembre \u00a1Descubre uno<\/p>\n<div class=\"padding-top text-center\"><a href=\"https:\/\/chasingadventures.com.pe\/es\/tours\/caminata-por-la-ruta-virgen-y-salvaje\/\" class=\"atbtn atbtn--medium atbtn--rounded atbtn--transparent\">Read more<i class=\"atbtn__icon atbtn__icon--right fa fa-long-arrow-right\"><\/i><\/a><\/div>\n","protected":false},"featured_media":1847,"template":"","meta":[],"product_brand":[],"product_cat":[172],"product_tag":[178,184,193,167,190,239,214,238],"class_list":{"0":"post-1946","1":"product","2":"type-product","3":"status-publish","4":"has-post-thumbnail","6":"product_cat-trekking-es","7":"product_tag-chasing-adventures-es-2","8":"product_tag-cordillera-blanca-es","9":"product_tag-huaraz-es","10":"product_tag-laguna-513","11":"product_tag-pico-hualcan","12":"product_tag-senderismo-es","13":"product_tag-tours-es","14":"product_tag-trek-es","15":"tour_category-trekking-es","17":"first","18":"instock","19":"shipping-taxable","20":"purchasable","21":"product-type-tour"},"_links":{"self":[{"href":"https:\/\/chasingadventures.com.pe\/es\/wp-json\/wp\/v2\/product\/1946","targetHints":{"allow":["GET"]}}],"collection":[{"href":"https:\/\/chasingadventures.com.pe\/es\/wp-json\/wp\/v2\/product"}],"about":[{"href":"https:\/\/chasingadventures.com.pe\/es\/wp-json\/wp\/v2\/types\/product"}],"wp:featuredmedia":[{"embeddable":true,"href":"https:\/\/chasingadventures.com.pe\/es\/wp-json\/wp\/v2\/media\/1847"}],"wp:attachment":[{"href":"https:\/\/chasingadventures.com.pe\/es\/wp-json\/wp\/v2\/media?parent=1946"}],"wp:term":[{"taxonomy":"product_brand","embeddable":true,"href":"https:\/\/chasingadventures.com.pe\/es\/wp-json\/wp\/v2\/product_brand?post=1946"},{"taxonomy":"product_cat","embeddable":true,"href":"https:\/\/chasingadventures.com.pe\/es\/wp-json\/wp\/v2\/product_cat?post=1946"},{"taxonomy":"product_tag","embeddable":true,"href":"https:\/\/chasingadventures.com.pe\/es\/wp-json\/wp\/v2\/product_tag?post=1946"}],"curies":[{"name":"wp","href":"https:\/\/api.w.org\/{rel}","templated":true}]}}