{"id":1945,"date":"2023-04-26T15:47:56","date_gmt":"2023-04-26T15:47:56","guid":{"rendered":"https:\/\/chasingadventures.com.pe\/tour\/trekking-huayhuash\/"},"modified":"2023-05-24T20:49:06","modified_gmt":"2023-05-24T20:49:06","slug":"huayhuash-trek","status":"publish","type":"product","link":"https:\/\/chasingadventures.com.pe\/es\/tours\/huayhuash-trek\/","title":{"rendered":"TREKKING HUAYHUASH"},"content":{"rendered":"<p>Ubicaci\u00f3n: Cordillera Blanca.<\/p>\n<p>Duraci\u00f3n: 8 d\u00edas \/ 7 noches.<\/p>\n<p>Distancia: 114 km.<\/p>\n<p>Elevaci\u00f3n m\u00e1xima: 5,100<span style=\"font-weight: 400;\">m<\/span>.(Paso Trapecio).<\/p>\n<p>Dificultad: Moderado.<\/p>\n<p>Mejor \u00e9poca: Mayo a Setiembre<\/p>\n<p>La Cordillera Huayhuash ofrece una experiencia \u00fanica de trekking que est\u00e1 considerada entre las m\u00e1s bellas y famosas del mundo. En este trekking tendr\u00e1s la oportunidad de explorar paisajes monta\u00f1osos v\u00edrgenes y totalmente inexplorados, contemplar escenarios glaciales intensos y disfrutar de campamentos de ensue\u00f1o que recordar\u00e1s para siempre.<\/p>\n<p>Este trekking te llevar\u00e1 a cruzar m\u00faltiples pasos de alta altitud, donde podr\u00e1s disfrutar de vistas impresionantes como las de las tres lagunas, el mirador San Antonio y muchas otras cumbres magn\u00edficas de la zona.<\/p>\n","protected":false},"excerpt":{"rendered":"<p>Ubicaci\u00f3n: Cordillera Blanca. Duraci\u00f3n: 8 d\u00edas \/ 7 noches. Distancia: 114 km. Elevaci\u00f3n m\u00e1xima: 5,100m.(Paso Trapecio). Dificultad: Moderado. Mejor \u00e9poca: Mayo a Setiembre La Cordillera<\/p>\n<div class=\"padding-top text-center\"><a href=\"https:\/\/chasingadventures.com.pe\/es\/tours\/huayhuash-trek\/\" class=\"atbtn atbtn--medium atbtn--rounded atbtn--transparent\">Read more<i class=\"atbtn__icon atbtn__icon--right fa fa-long-arrow-right\"><\/i><\/a><\/div>\n","protected":false},"featured_media":1743,"template":"","meta":[],"product_brand":[],"product_cat":[172],"product_tag":[178,184,193,194,229,233,212,239,214,238],"class_list":{"0":"post-1945","1":"product","2":"type-product","3":"status-publish","4":"has-post-thumbnail","6":"product_cat-trekking-es","7":"product_tag-chasing-adventures-es-2","8":"product_tag-cordillera-blanca-es","9":"product_tag-huaraz-es","10":"product_tag-huayhuash-es","11":"product_tag-lagos","12":"product_tag-picos","13":"product_tag-san-antonio-es","14":"product_tag-senderismo-es","15":"product_tag-tours-es","16":"product_tag-trek-es","17":"tour_category-trekking-es","19":"first","20":"instock","21":"shipping-taxable","22":"purchasable","23":"product-type-tour"},"_links":{"self":[{"href":"https:\/\/chasingadventures.com.pe\/es\/wp-json\/wp\/v2\/product\/1945","targetHints":{"allow":["GET"]}}],"collection":[{"href":"https:\/\/chasingadventures.com.pe\/es\/wp-json\/wp\/v2\/product"}],"about":[{"href":"https:\/\/chasingadventures.com.pe\/es\/wp-json\/wp\/v2\/types\/product"}],"wp:featuredmedia":[{"embeddable":true,"href":"https:\/\/chasingadventures.com.pe\/es\/wp-json\/wp\/v2\/media\/1743"}],"wp:attachment":[{"href":"https:\/\/chasingadventures.com.pe\/es\/wp-json\/wp\/v2\/media?parent=1945"}],"wp:term":[{"taxonomy":"product_brand","embeddable":true,"href":"https:\/\/chasingadventures.com.pe\/es\/wp-json\/wp\/v2\/product_brand?post=1945"},{"taxonomy":"product_cat","embeddable":true,"href":"https:\/\/chasingadventures.com.pe\/es\/wp-json\/wp\/v2\/product_cat?post=1945"},{"taxonomy":"product_tag","embeddable":true,"href":"https:\/\/chasingadventures.com.pe\/es\/wp-json\/wp\/v2\/product_tag?post=1945"}],"curies":[{"name":"wp","href":"https:\/\/api.w.org\/{rel}","templated":true}]}}