{"id":1941,"date":"2023-04-21T22:23:31","date_gmt":"2023-04-21T22:23:31","guid":{"rendered":"https:\/\/chasingadventures.com.pe\/tour\/chavin-de-huantar\/"},"modified":"2023-06-06T00:01:39","modified_gmt":"2023-06-06T00:01:39","slug":"chavin-de-huantar","status":"publish","type":"product","link":"https:\/\/chasingadventures.com.pe\/es\/tours\/chavin-de-huantar\/","title":{"rendered":"CHAV\u00cdN DE HUANTAR"},"content":{"rendered":"<p><span style=\"font-weight: 400;\">MODALIDAD: Tour convencional.<\/span><\/p>\n<p><span style=\"font-weight: 400;\">DURACI\u00d3N: 8 hrs aprox.<\/span><\/p>\n<p><span style=\"font-weight: 400;\">ALTITUD: 3100 a 4400 m.s.n.m.<\/span><\/p>\n<p><span style=\"font-weight: 400;\">\u00c9POCA: Todo el a\u00f1o.<\/span><\/p>\n<p>&nbsp;<\/p>\n<p>El complejo arqueol\u00f3gico de Chav\u00edn de Hu\u00e1ntar es una joya del patrimonio cultural del Per\u00fa y una visita imprescindible para los amantes de la historia y la arqueolog\u00eda. Aqu\u00ed, los visitantes pueden explorar los laberintos subterr\u00e1neos y sumergirse en la misteriosa atm\u00f3sfera de esta antigua cultura.<\/p>\n<p>Adem\u00e1s, Chav\u00edn de Hu\u00e1ntar alberga algunas de las esculturas m\u00e1s impresionantes y curiosas de la civilizaci\u00f3n Chav\u00edn, como el lanz\u00f3n monol\u00edtico, la estela Raimondi, el obelisco Tello y las enigm\u00e1ticas cabezas clavas, que son verdaderas obras maestras del arte precolombino.<\/p>\n<p>No te pierdas la oportunidad de visitar Chav\u00edn de Hu\u00e1ntar y descubrir por ti mismo la riqueza cultural de esta fascinante civilizaci\u00f3n.<\/p>\n","protected":false},"excerpt":{"rendered":"<p>MODALIDAD: Tour convencional. DURACI\u00d3N: 8 hrs aprox. ALTITUD: 3100 a 4400 m.s.n.m. \u00c9POCA: Todo el a\u00f1o. &nbsp; El complejo arqueol\u00f3gico de Chav\u00edn de Hu\u00e1ntar es<\/p>\n<div class=\"padding-top text-center\"><a href=\"https:\/\/chasingadventures.com.pe\/es\/tours\/chavin-de-huantar\/\" class=\"atbtn atbtn--medium atbtn--rounded atbtn--transparent\">Read more<i class=\"atbtn__icon atbtn__icon--right fa fa-long-arrow-right\"><\/i><\/a><\/div>\n","protected":false},"featured_media":1686,"template":"","meta":[],"product_brand":[],"product_cat":[169],"product_tag":[178,179,237,235,193,236,214,185],"class_list":{"0":"post-1941","1":"product","2":"type-product","3":"status-publish","4":"has-post-thumbnail","6":"product_cat-tours-diarios","7":"product_tag-chasing-adventures-es-2","8":"product_tag-chavin-de-huantar-es","9":"product_tag-el-lanzon-monolitico","10":"product_tag-estela-raimondi","11":"product_tag-huaraz-es","12":"product_tag-obelisco-julio-c-tello","13":"product_tag-tours-es","14":"product_tag-tours-diarios","15":"tour_category-tours-diarios","17":"first","18":"instock","19":"shipping-taxable","20":"purchasable","21":"product-type-tour"},"_links":{"self":[{"href":"https:\/\/chasingadventures.com.pe\/es\/wp-json\/wp\/v2\/product\/1941","targetHints":{"allow":["GET"]}}],"collection":[{"href":"https:\/\/chasingadventures.com.pe\/es\/wp-json\/wp\/v2\/product"}],"about":[{"href":"https:\/\/chasingadventures.com.pe\/es\/wp-json\/wp\/v2\/types\/product"}],"wp:featuredmedia":[{"embeddable":true,"href":"https:\/\/chasingadventures.com.pe\/es\/wp-json\/wp\/v2\/media\/1686"}],"wp:attachment":[{"href":"https:\/\/chasingadventures.com.pe\/es\/wp-json\/wp\/v2\/media?parent=1941"}],"wp:term":[{"taxonomy":"product_brand","embeddable":true,"href":"https:\/\/chasingadventures.com.pe\/es\/wp-json\/wp\/v2\/product_brand?post=1941"},{"taxonomy":"product_cat","embeddable":true,"href":"https:\/\/chasingadventures.com.pe\/es\/wp-json\/wp\/v2\/product_cat?post=1941"},{"taxonomy":"product_tag","embeddable":true,"href":"https:\/\/chasingadventures.com.pe\/es\/wp-json\/wp\/v2\/product_tag?post=1941"}],"curies":[{"name":"wp","href":"https:\/\/api.w.org\/{rel}","templated":true}]}}