{"id":1940,"date":"2023-04-21T22:14:46","date_gmt":"2023-04-21T22:14:46","guid":{"rendered":"https:\/\/chasingadventures.com.pe\/tour\/nevado-pastoruri\/"},"modified":"2023-06-06T00:02:14","modified_gmt":"2023-06-06T00:02:14","slug":"nevado-pastoruri","status":"publish","type":"product","link":"https:\/\/chasingadventures.com.pe\/es\/tours\/nevado-pastoruri\/","title":{"rendered":"NEVADO PASTORURI"},"content":{"rendered":"<p><span style=\"font-weight: 400;\">MODALIDAD: Tour convencional.<\/span><\/p>\n<p><span style=\"font-weight: 400;\">DISTANCIA: 2 Km (45 min. Aprox de caminata).<\/span><\/p>\n<p><span style=\"font-weight: 400;\">DURACI\u00d3N: 8 hrs aprox.<\/span><\/p>\n<p><span style=\"font-weight: 400;\">DIFICULTAD: F\u00e1cil.<\/span><\/p>\n<p><span style=\"font-weight: 400;\">ALTITUD: 4800 a 5000 m.s.n.m.<\/span><\/p>\n<p><span style=\"font-weight: 400;\">\u00c9POCA: Todo el a\u00f1o.<\/span><\/p>\n<p>Este glaciar es uno de los atractivos m\u00e1s visitados por turistas locales, nacionales e internacionales en el Parque Nacional Huascar\u00e1n debido a su f\u00e1cil acceso y belleza natural. Durante la temporada de lluvia, los visitantes pueden disfrutar de la impresionante vista de los nevados y explorar la ruta del cambio clim\u00e1tico.<\/p>\n","protected":false},"excerpt":{"rendered":"<p>MODALIDAD: Tour convencional. DISTANCIA: 2 Km (45 min. Aprox de caminata). DURACI\u00d3N: 8 hrs aprox. DIFICULTAD: F\u00e1cil. ALTITUD: 4800 a 5000 m.s.n.m. \u00c9POCA: Todo el<\/p>\n<div class=\"padding-top text-center\"><a href=\"https:\/\/chasingadventures.com.pe\/es\/tours\/nevado-pastoruri\/\" class=\"atbtn atbtn--medium atbtn--rounded atbtn--transparent\">Read more<i class=\"atbtn__icon atbtn__icon--right fa fa-long-arrow-right\"><\/i><\/a><\/div>\n","protected":false},"featured_media":1682,"template":"","meta":[],"product_brand":[],"product_cat":[169],"product_tag":[188,178,193,204,224,214],"class_list":{"0":"post-1940","1":"product","2":"type-product","3":"status-publish","4":"has-post-thumbnail","6":"product_cat-tours-diarios","7":"product_tag-caminata","8":"product_tag-chasing-adventures-es-2","9":"product_tag-huaraz-es","10":"product_tag-pastoruri-es","11":"product_tag-senderismo","12":"product_tag-tours-es","13":"tour_category-tours-diarios","15":"first","16":"instock","17":"shipping-taxable","18":"purchasable","19":"product-type-tour"},"_links":{"self":[{"href":"https:\/\/chasingadventures.com.pe\/es\/wp-json\/wp\/v2\/product\/1940","targetHints":{"allow":["GET"]}}],"collection":[{"href":"https:\/\/chasingadventures.com.pe\/es\/wp-json\/wp\/v2\/product"}],"about":[{"href":"https:\/\/chasingadventures.com.pe\/es\/wp-json\/wp\/v2\/types\/product"}],"wp:featuredmedia":[{"embeddable":true,"href":"https:\/\/chasingadventures.com.pe\/es\/wp-json\/wp\/v2\/media\/1682"}],"wp:attachment":[{"href":"https:\/\/chasingadventures.com.pe\/es\/wp-json\/wp\/v2\/media?parent=1940"}],"wp:term":[{"taxonomy":"product_brand","embeddable":true,"href":"https:\/\/chasingadventures.com.pe\/es\/wp-json\/wp\/v2\/product_brand?post=1940"},{"taxonomy":"product_cat","embeddable":true,"href":"https:\/\/chasingadventures.com.pe\/es\/wp-json\/wp\/v2\/product_cat?post=1940"},{"taxonomy":"product_tag","embeddable":true,"href":"https:\/\/chasingadventures.com.pe\/es\/wp-json\/wp\/v2\/product_tag?post=1940"}],"curies":[{"name":"wp","href":"https:\/\/api.w.org\/{rel}","templated":true}]}}