{"id":1939,"date":"2023-04-21T22:03:05","date_gmt":"2023-04-21T22:03:05","guid":{"rendered":"https:\/\/chasingadventures.com.pe\/tour\/punta-olimpica-chacas\/"},"modified":"2023-06-06T00:02:58","modified_gmt":"2023-06-06T00:02:58","slug":"punta-olimpica-chacas","status":"publish","type":"product","link":"https:\/\/chasingadventures.com.pe\/es\/tours\/punta-olimpica-chacas\/","title":{"rendered":"PUNTA OL\u00cdMPICA\/CHACAS"},"content":{"rendered":"<p><span style=\"font-weight: 400;\">MODALIDAD: Tour convencional.<\/span><\/p>\n<p><span style=\"font-weight: 400;\">DURACI\u00d3N: 8 hrs aprox.<\/span><\/p>\n<p>DIFICULTAD: F\u00e1cil.<\/p>\n<p><span style=\"font-weight: 400;\">ALTITUD: 3100m to 4,736 m.s.n.m.<\/span><\/p>\n<p>\u00c9POCA: Todo el a\u00f1o.<\/p>\n<p>En esta emocionante excursi\u00f3n, disfrutar\u00e1s de un paisaje impresionante de la Cordillera Blanca mientras exploramos los valles de Huaylas y Conchucos. Adem\u00e1s, tendr\u00e1 la oportunidad de admirar la monta\u00f1a m\u00e1s alta de Per\u00fa, el majestuoso Huascar\u00e1n. \u00a1No se pierda esta experiencia inolvidable!<\/p>\n","protected":false},"excerpt":{"rendered":"<p>MODALIDAD: Tour convencional. DURACI\u00d3N: 8 hrs aprox. DIFICULTAD: F\u00e1cil. ALTITUD: 3100m to 4,736 m.s.n.m. \u00c9POCA: Todo el a\u00f1o. En esta emocionante excursi\u00f3n, disfrutar\u00e1s de un<\/p>\n<div class=\"padding-top text-center\"><a href=\"https:\/\/chasingadventures.com.pe\/es\/tours\/punta-olimpica-chacas\/\" class=\"atbtn atbtn--medium atbtn--rounded atbtn--transparent\">Read more<i class=\"atbtn__icon atbtn__icon--right fa fa-long-arrow-right\"><\/i><\/a><\/div>\n","protected":false},"featured_media":1678,"template":"","meta":[],"product_brand":[],"product_cat":[169],"product_tag":[175,178,183,184,195,209,185],"class_list":{"0":"post-1939","1":"product","2":"type-product","3":"status-publish","4":"has-post-thumbnail","6":"product_cat-tours-diarios","7":"product_tag-chacas-es","8":"product_tag-chasing-adventures-es-2","9":"product_tag-conchucos-es","10":"product_tag-cordillera-blanca-es","11":"product_tag-huaylas-es","12":"product_tag-punta-olimpica-es","13":"product_tag-tours-diarios","14":"tour_category-tours-diarios","16":"first","17":"instock","18":"shipping-taxable","19":"purchasable","20":"product-type-tour"},"_links":{"self":[{"href":"https:\/\/chasingadventures.com.pe\/es\/wp-json\/wp\/v2\/product\/1939","targetHints":{"allow":["GET"]}}],"collection":[{"href":"https:\/\/chasingadventures.com.pe\/es\/wp-json\/wp\/v2\/product"}],"about":[{"href":"https:\/\/chasingadventures.com.pe\/es\/wp-json\/wp\/v2\/types\/product"}],"wp:featuredmedia":[{"embeddable":true,"href":"https:\/\/chasingadventures.com.pe\/es\/wp-json\/wp\/v2\/media\/1678"}],"wp:attachment":[{"href":"https:\/\/chasingadventures.com.pe\/es\/wp-json\/wp\/v2\/media?parent=1939"}],"wp:term":[{"taxonomy":"product_brand","embeddable":true,"href":"https:\/\/chasingadventures.com.pe\/es\/wp-json\/wp\/v2\/product_brand?post=1939"},{"taxonomy":"product_cat","embeddable":true,"href":"https:\/\/chasingadventures.com.pe\/es\/wp-json\/wp\/v2\/product_cat?post=1939"},{"taxonomy":"product_tag","embeddable":true,"href":"https:\/\/chasingadventures.com.pe\/es\/wp-json\/wp\/v2\/product_tag?post=1939"}],"curies":[{"name":"wp","href":"https:\/\/api.w.org\/{rel}","templated":true}]}}