{"id":1938,"date":"2023-04-21T18:13:18","date_gmt":"2023-04-21T18:13:18","guid":{"rendered":"https:\/\/chasingadventures.com.pe\/tour\/laguna-69\/"},"modified":"2023-06-06T00:03:45","modified_gmt":"2023-06-06T00:03:45","slug":"laguna-69","status":"publish","type":"product","link":"https:\/\/chasingadventures.com.pe\/es\/tours\/laguna-69\/","title":{"rendered":"LAGUNA 69"},"content":{"rendered":"<p><span style=\"font-weight: 400;\">MODALIDAD: Caminata.<\/span><\/p>\n<p><span style=\"font-weight: 400;\">DISTANCIA: 14Km. (6 hrs aprox de caminata).<\/span><\/p>\n<p><span style=\"font-weight: 400;\">DURACI\u00d3N: 12 hrs aprox.<\/span><\/p>\n<p><span style=\"font-weight: 400;\">DIFICULTAD: Moderado.<\/span><\/p>\n<p>ALTITUD<span style=\"font-weight: 400;\">:<\/span> 3900 a 4,604 m.s.n.m<span style=\"font-weight: 400;\">.<\/span><\/p>\n<p><span style=\"font-weight: 400;\">\u00c9POCA: Todo el a\u00f1o.<\/span><\/p>\n<p>Descubre la belleza natural de la regi\u00f3n a trav\u00e9s de una caminata hacia una de las lagunas m\u00e1s impresionantes de la zona. Esta experiencia es ideal para los amantes del senderismo y el monta\u00f1ismo, gracias a su f\u00e1cil acceso y espectaculares vistas panor\u00e1micas a lo largo del recorrido. Prep\u00e1rate para maravillarte con los colores vibrantes y la serenidad de la laguna, un lugar perfecto para relajarse y conectarse con la naturaleza. \u00a1No pierdas la oportunidad de vivir una aventura inolvidable en uno de los lugares m\u00e1s hermosos del mundo!\u00bb<\/p>\n","protected":false},"excerpt":{"rendered":"<p>MODALIDAD: Caminata. DISTANCIA: 14Km. (6 hrs aprox de caminata). DURACI\u00d3N: 12 hrs aprox. DIFICULTAD: Moderado. ALTITUD: 3900 a 4,604 m.s.n.m. \u00c9POCA: Todo el a\u00f1o. Descubre<\/p>\n<div class=\"padding-top text-center\"><a href=\"https:\/\/chasingadventures.com.pe\/es\/tours\/laguna-69\/\" class=\"atbtn atbtn--medium atbtn--rounded atbtn--transparent\">Read more<i class=\"atbtn__icon atbtn__icon--right fa fa-long-arrow-right\"><\/i><\/a><\/div>\n","protected":false},"featured_media":1662,"template":"","meta":[],"product_brand":[],"product_cat":[169],"product_tag":[193,166,224,185],"class_list":{"0":"post-1938","1":"product","2":"type-product","3":"status-publish","4":"has-post-thumbnail","6":"product_cat-tours-diarios","7":"product_tag-huaraz-es","8":"product_tag-laguna-69","9":"product_tag-senderismo","10":"product_tag-tours-diarios","11":"tour_category-tours-diarios","13":"first","14":"instock","15":"shipping-taxable","16":"purchasable","17":"product-type-tour"},"_links":{"self":[{"href":"https:\/\/chasingadventures.com.pe\/es\/wp-json\/wp\/v2\/product\/1938","targetHints":{"allow":["GET"]}}],"collection":[{"href":"https:\/\/chasingadventures.com.pe\/es\/wp-json\/wp\/v2\/product"}],"about":[{"href":"https:\/\/chasingadventures.com.pe\/es\/wp-json\/wp\/v2\/types\/product"}],"wp:featuredmedia":[{"embeddable":true,"href":"https:\/\/chasingadventures.com.pe\/es\/wp-json\/wp\/v2\/media\/1662"}],"wp:attachment":[{"href":"https:\/\/chasingadventures.com.pe\/es\/wp-json\/wp\/v2\/media?parent=1938"}],"wp:term":[{"taxonomy":"product_brand","embeddable":true,"href":"https:\/\/chasingadventures.com.pe\/es\/wp-json\/wp\/v2\/product_brand?post=1938"},{"taxonomy":"product_cat","embeddable":true,"href":"https:\/\/chasingadventures.com.pe\/es\/wp-json\/wp\/v2\/product_cat?post=1938"},{"taxonomy":"product_tag","embeddable":true,"href":"https:\/\/chasingadventures.com.pe\/es\/wp-json\/wp\/v2\/product_tag?post=1938"}],"curies":[{"name":"wp","href":"https:\/\/api.w.org\/{rel}","templated":true}]}}