{"id":1937,"date":"2023-04-21T18:03:26","date_gmt":"2023-04-21T18:03:26","guid":{"rendered":"https:\/\/chasingadventures.com.pe\/tour\/laguna-paron\/"},"modified":"2023-06-06T00:04:36","modified_gmt":"2023-06-06T00:04:36","slug":"laguna-paron","status":"publish","type":"product","link":"https:\/\/chasingadventures.com.pe\/es\/tours\/laguna-paron\/","title":{"rendered":"LAGUNA PARON"},"content":{"rendered":"<p><span style=\"font-weight: 400;\">TIPO: Bus tour.<\/span><\/p>\n<p><span style=\"font-weight: 400;\">DISTANCIA: 3 Km(2 hrs aprox de caminata).<\/span><\/p>\n<p><span style=\"font-weight: 400;\">DURACI\u00d3N: 8 hrs aprox.<\/span><\/p>\n<p><span style=\"font-weight: 400;\">DIFICULTAD: F\u00e1cil.<\/span><\/p>\n<p><span style=\"font-weight: 400;\">ALTITUD: 4200 a 4,440 m.s.n.m.<\/span><\/p>\n<p><span style=\"font-weight: 400;\">\u00c9POCA: Todo el a\u00f1o.<\/span><\/p>\n<p>&nbsp;<\/p>\n<p>Es una de las joyas de la Cordillera Blanca. Su hermoso color turquesa en d\u00edas despejados crea un espect\u00e1culo natural que no te puedes perder. Desde el mirador, puedes apreciar las prominentes monta\u00f1as que la rodean reflejadas en sus aguas cristalinas.<\/p>\n","protected":false},"excerpt":{"rendered":"<p>TIPO: Bus tour. DISTANCIA: 3 Km(2 hrs aprox de caminata). DURACI\u00d3N: 8 hrs aprox. DIFICULTAD: F\u00e1cil. ALTITUD: 4200 a 4,440 m.s.n.m. \u00c9POCA: Todo el a\u00f1o.<\/p>\n<div class=\"padding-top text-center\"><a href=\"https:\/\/chasingadventures.com.pe\/es\/tours\/laguna-paron\/\" class=\"atbtn atbtn--medium atbtn--rounded atbtn--transparent\">Read more<i class=\"atbtn__icon atbtn__icon--right fa fa-long-arrow-right\"><\/i><\/a><\/div>\n","protected":false},"featured_media":1658,"template":"","meta":[],"product_brand":[],"product_cat":[169],"product_tag":[178,184,193,203,214,185],"class_list":{"0":"post-1937","1":"product","2":"type-product","3":"status-publish","4":"has-post-thumbnail","6":"product_cat-tours-diarios","7":"product_tag-chasing-adventures-es-2","8":"product_tag-cordillera-blanca-es","9":"product_tag-huaraz-es","10":"product_tag-laguna-paron","11":"product_tag-tours-es","12":"product_tag-tours-diarios","13":"tour_category-tours-diarios","15":"first","16":"instock","17":"shipping-taxable","18":"purchasable","19":"product-type-tour"},"_links":{"self":[{"href":"https:\/\/chasingadventures.com.pe\/es\/wp-json\/wp\/v2\/product\/1937","targetHints":{"allow":["GET"]}}],"collection":[{"href":"https:\/\/chasingadventures.com.pe\/es\/wp-json\/wp\/v2\/product"}],"about":[{"href":"https:\/\/chasingadventures.com.pe\/es\/wp-json\/wp\/v2\/types\/product"}],"wp:featuredmedia":[{"embeddable":true,"href":"https:\/\/chasingadventures.com.pe\/es\/wp-json\/wp\/v2\/media\/1658"}],"wp:attachment":[{"href":"https:\/\/chasingadventures.com.pe\/es\/wp-json\/wp\/v2\/media?parent=1937"}],"wp:term":[{"taxonomy":"product_brand","embeddable":true,"href":"https:\/\/chasingadventures.com.pe\/es\/wp-json\/wp\/v2\/product_brand?post=1937"},{"taxonomy":"product_cat","embeddable":true,"href":"https:\/\/chasingadventures.com.pe\/es\/wp-json\/wp\/v2\/product_cat?post=1937"},{"taxonomy":"product_tag","embeddable":true,"href":"https:\/\/chasingadventures.com.pe\/es\/wp-json\/wp\/v2\/product_tag?post=1937"}],"curies":[{"name":"wp","href":"https:\/\/api.w.org\/{rel}","templated":true}]}}