{"id":1936,"date":"2023-04-22T15:14:52","date_gmt":"2023-04-22T15:14:52","guid":{"rendered":"https:\/\/chasingadventures.com.pe\/tour\/puenting\/"},"modified":"2023-05-03T21:23:42","modified_gmt":"2023-05-03T21:23:42","slug":"puenting","status":"publish","type":"product","link":"https:\/\/chasingadventures.com.pe\/es\/tours\/puenting\/","title":{"rendered":"PUENTING"},"content":{"rendered":"<p>LUGAR: Puente Pariac.<\/p>\n<p>DURACI\u00d3N: 4 hrs Aprox.<\/p>\n<p>Apto para principiantes<\/p>\n<p>ALTITUDES: 3100m a 3,200 m.s.n.m.<\/p>\n<p>\u00c9POCA: Todo el a\u00f1o.<\/p>\n<p>\u00a1Bienvenidos a la experiencia m\u00e1s emocionante de sus vidas en el impresionante puente Pariac! En nuestro equipo contamos con gu\u00edas altamente experimentados, quienes les proporcionar\u00e1n una introducci\u00f3n detallada sobre la actividad que est\u00e1n a punto de realizar. Despu\u00e9s de recibir esta informaci\u00f3n, nuestros gu\u00edas armar\u00e1n el sistema de seguridad con su amplia experiencia y los ayudar\u00e1n a colocarse el casco y el arn\u00e9s adecuadamente. Una vez que todo est\u00e9 listo, se colocar\u00e1n en el borde del puente mientras los aseguran y verifican el sistema por \u00faltima vez. Finalmente, les dar\u00e1n el visto bueno para saltar y disfrutar de la experiencia \u00fanica de sentir la adrenalina mientras se lanzan al vac\u00edo. \u00a1Estamos seguros de que este salto de fe ser\u00e1 una experiencia inolvidable!<\/p>\n","protected":false},"excerpt":{"rendered":"<p>LUGAR: Puente Pariac. DURACI\u00d3N: 4 hrs Aprox. Apto para principiantes ALTITUDES: 3100m a 3,200 m.s.n.m. \u00c9POCA: Todo el a\u00f1o. \u00a1Bienvenidos a la experiencia m\u00e1s emocionante<\/p>\n<div class=\"padding-top text-center\"><a href=\"https:\/\/chasingadventures.com.pe\/es\/tours\/puenting\/\" class=\"atbtn atbtn--medium atbtn--rounded atbtn--transparent\">Read more<i class=\"atbtn__icon atbtn__icon--right fa fa-long-arrow-right\"><\/i><\/a><\/div>\n","protected":false},"featured_media":1719,"template":"","meta":[],"product_brand":[],"product_cat":[168],"product_tag":[177,220,193,202,221],"class_list":{"0":"post-1936","1":"product","2":"type-product","3":"status-publish","4":"has-post-thumbnail","6":"product_cat-deportes-de-aventura","7":"product_tag-chasing-adventures-es","8":"product_tag-deportes-de-aventura","9":"product_tag-huaraz-es","10":"product_tag-puente-pariac","11":"product_tag-puenting","12":"tour_category-deportes-de-aventura","14":"first","15":"instock","16":"shipping-taxable","17":"purchasable","18":"product-type-tour"},"_links":{"self":[{"href":"https:\/\/chasingadventures.com.pe\/es\/wp-json\/wp\/v2\/product\/1936","targetHints":{"allow":["GET"]}}],"collection":[{"href":"https:\/\/chasingadventures.com.pe\/es\/wp-json\/wp\/v2\/product"}],"about":[{"href":"https:\/\/chasingadventures.com.pe\/es\/wp-json\/wp\/v2\/types\/product"}],"wp:featuredmedia":[{"embeddable":true,"href":"https:\/\/chasingadventures.com.pe\/es\/wp-json\/wp\/v2\/media\/1719"}],"wp:attachment":[{"href":"https:\/\/chasingadventures.com.pe\/es\/wp-json\/wp\/v2\/media?parent=1936"}],"wp:term":[{"taxonomy":"product_brand","embeddable":true,"href":"https:\/\/chasingadventures.com.pe\/es\/wp-json\/wp\/v2\/product_brand?post=1936"},{"taxonomy":"product_cat","embeddable":true,"href":"https:\/\/chasingadventures.com.pe\/es\/wp-json\/wp\/v2\/product_cat?post=1936"},{"taxonomy":"product_tag","embeddable":true,"href":"https:\/\/chasingadventures.com.pe\/es\/wp-json\/wp\/v2\/product_tag?post=1936"}],"curies":[{"name":"wp","href":"https:\/\/api.w.org\/{rel}","templated":true}]}}