{"id":1935,"date":"2023-04-22T15:09:52","date_gmt":"2023-04-22T15:09:52","guid":{"rendered":"https:\/\/chasingadventures.com.pe\/tour\/tirolesa\/"},"modified":"2023-05-03T21:24:28","modified_gmt":"2023-05-03T21:24:28","slug":"tirolesa","status":"publish","type":"product","link":"https:\/\/chasingadventures.com.pe\/es\/tours\/tirolesa\/","title":{"rendered":"TIROLESA"},"content":{"rendered":"<p>LUGAR: Chawin (Buenos Aires).<\/p>\n<p>DURACI\u00d3N: 4 hrs Aprox.<\/p>\n<p>DIFICULTAD: Apto para principiantes.<\/p>\n<p>ALTITUDES: 3100m a 3,450 m.s.n.m.<\/p>\n<p>\u00c9POCA: Todo el a\u00f1o.<\/p>\n<p>Bienvenidos a la emocionante aventura que les espera en Quillash. Nuestros experimentados gu\u00edas les dar\u00e1n una introducci\u00f3n detallada sobre el parque para que puedan disfrutar plenamente de su experiencia. Despu\u00e9s de recibir esta informaci\u00f3n, se les proporcionar\u00e1 el equipo necesario para atravesar el puente tibetano, deslizarse en tirolina y disfrutar del columpio. Con nuestro equipo de seguridad de alta calidad, su experiencia ser\u00e1 segura y c\u00f3moda. Una vez que nuestro gu\u00eda abroche su arn\u00e9s y lo conecte a la polea del cable, podr\u00e1n comenzar a volar, sintiendo la sensaci\u00f3n de libertad de un p\u00e1jaro. \u00a1Prep\u00e1rense para una aventura \u00fanica e inolvidable en Quillash!<\/p>\n","protected":false},"excerpt":{"rendered":"<p>LUGAR: Chawin (Buenos Aires). DURACI\u00d3N: 4 hrs Aprox. DIFICULTAD: Apto para principiantes. ALTITUDES: 3100m a 3,450 m.s.n.m. \u00c9POCA: Todo el a\u00f1o. Bienvenidos a la emocionante<\/p>\n<div class=\"padding-top text-center\"><a href=\"https:\/\/chasingadventures.com.pe\/es\/tours\/tirolesa\/\" class=\"atbtn atbtn--medium atbtn--rounded atbtn--transparent\">Read more<i class=\"atbtn__icon atbtn__icon--right fa fa-long-arrow-right\"><\/i><\/a><\/div>\n","protected":false},"featured_media":1728,"template":"","meta":[],"product_brand":[],"product_cat":[168],"product_tag":[177,222,220,193,241,218],"class_list":{"0":"post-1935","1":"product","2":"type-product","3":"status-publish","4":"has-post-thumbnail","6":"product_cat-deportes-de-aventura","7":"product_tag-chasing-adventures-es","8":"product_tag-chawin-es","9":"product_tag-deportes-de-aventura","10":"product_tag-huaraz-es","11":"product_tag-tirolesa-es","12":"product_tag-tirolesa","13":"tour_category-deportes-de-aventura","15":"first","16":"instock","17":"shipping-taxable","18":"purchasable","19":"product-type-tour"},"_links":{"self":[{"href":"https:\/\/chasingadventures.com.pe\/es\/wp-json\/wp\/v2\/product\/1935","targetHints":{"allow":["GET"]}}],"collection":[{"href":"https:\/\/chasingadventures.com.pe\/es\/wp-json\/wp\/v2\/product"}],"about":[{"href":"https:\/\/chasingadventures.com.pe\/es\/wp-json\/wp\/v2\/types\/product"}],"wp:featuredmedia":[{"embeddable":true,"href":"https:\/\/chasingadventures.com.pe\/es\/wp-json\/wp\/v2\/media\/1728"}],"wp:attachment":[{"href":"https:\/\/chasingadventures.com.pe\/es\/wp-json\/wp\/v2\/media?parent=1935"}],"wp:term":[{"taxonomy":"product_brand","embeddable":true,"href":"https:\/\/chasingadventures.com.pe\/es\/wp-json\/wp\/v2\/product_brand?post=1935"},{"taxonomy":"product_cat","embeddable":true,"href":"https:\/\/chasingadventures.com.pe\/es\/wp-json\/wp\/v2\/product_cat?post=1935"},{"taxonomy":"product_tag","embeddable":true,"href":"https:\/\/chasingadventures.com.pe\/es\/wp-json\/wp\/v2\/product_tag?post=1935"}],"curies":[{"name":"wp","href":"https:\/\/api.w.org\/{rel}","templated":true}]}}