{"id":1934,"date":"2023-04-22T15:04:04","date_gmt":"2023-04-22T15:04:04","guid":{"rendered":"https:\/\/chasingadventures.com.pe\/tour\/paseo-a-caballo\/"},"modified":"2023-05-03T21:22:38","modified_gmt":"2023-05-03T21:22:38","slug":"paseo-a-caballo","status":"publish","type":"product","link":"https:\/\/chasingadventures.com.pe\/es\/tours\/paseo-a-caballo\/","title":{"rendered":"PASEO A CABALLO"},"content":{"rendered":"<p>LUGAR: Cordillera negra.<\/p>\n<p>DURACI\u00d3N: Desde 2hrs y media a 3 hrs.<\/p>\n<p>DIFICULTAD: Apto para principiantes.<\/p>\n<p>ALTITUDES: 2750m a 3,750 m.s.n.m.<\/p>\n<p>\u00c9POCA: Todo el a\u00f1o.<\/p>\n<p>Descubre las rutas m\u00e1s hermosas e inolvidables con vistas espectaculares de la Cordillera Negra,Blanca y del Callej\u00f3n de Huaylas. Mientras cabalgamos por valles y caminos de herradura, podr\u00e1s disfrutar de paisajes \u00fanicos en el mundo y contemplar los majestuosos picos de los Nevados como Huascar\u00e1n, Chopicalqui, Hualcan, Copa y Vallunaraju. Con altitudes superiores desde 5000 hasta 6.768 metros, te maravillaras con las impresionantes vistas que se extienden desde las alturas hasta los verdes valles. Adem\u00e1s, descubrir\u00e1s la riqueza de la cultura andina al recorrer a caballo el campo rural. \u00a1\u00danete a nosotros y vive una experiencia \u00fanica en la vida!<\/p>\n","protected":false},"excerpt":{"rendered":"<p>LUGAR: Cordillera negra. DURACI\u00d3N: Desde 2hrs y media a 3 hrs. DIFICULTAD: Apto para principiantes. ALTITUDES: 2750m a 3,750 m.s.n.m. \u00c9POCA: Todo el a\u00f1o. Descubre<\/p>\n<div class=\"padding-top text-center\"><a href=\"https:\/\/chasingadventures.com.pe\/es\/tours\/paseo-a-caballo\/\" class=\"atbtn atbtn--medium atbtn--rounded atbtn--transparent\">Read more<i class=\"atbtn__icon atbtn__icon--right fa fa-long-arrow-right\"><\/i><\/a><\/div>\n","protected":false},"featured_media":1723,"template":"","meta":[],"product_brand":[],"product_cat":[168],"product_tag":[223,220,193,195,225],"class_list":{"0":"post-1934","1":"product","2":"type-product","3":"status-publish","4":"has-post-thumbnail","6":"product_cat-deportes-de-aventura","7":"product_tag-cordillera-negra-es","8":"product_tag-deportes-de-aventura","9":"product_tag-huaraz-es","10":"product_tag-huaylas-es","11":"product_tag-montar-a-caballo","12":"tour_category-deportes-de-aventura","14":"first","15":"instock","16":"shipping-taxable","17":"purchasable","18":"product-type-tour"},"_links":{"self":[{"href":"https:\/\/chasingadventures.com.pe\/es\/wp-json\/wp\/v2\/product\/1934","targetHints":{"allow":["GET"]}}],"collection":[{"href":"https:\/\/chasingadventures.com.pe\/es\/wp-json\/wp\/v2\/product"}],"about":[{"href":"https:\/\/chasingadventures.com.pe\/es\/wp-json\/wp\/v2\/types\/product"}],"wp:featuredmedia":[{"embeddable":true,"href":"https:\/\/chasingadventures.com.pe\/es\/wp-json\/wp\/v2\/media\/1723"}],"wp:attachment":[{"href":"https:\/\/chasingadventures.com.pe\/es\/wp-json\/wp\/v2\/media?parent=1934"}],"wp:term":[{"taxonomy":"product_brand","embeddable":true,"href":"https:\/\/chasingadventures.com.pe\/es\/wp-json\/wp\/v2\/product_brand?post=1934"},{"taxonomy":"product_cat","embeddable":true,"href":"https:\/\/chasingadventures.com.pe\/es\/wp-json\/wp\/v2\/product_cat?post=1934"},{"taxonomy":"product_tag","embeddable":true,"href":"https:\/\/chasingadventures.com.pe\/es\/wp-json\/wp\/v2\/product_tag?post=1934"}],"curies":[{"name":"wp","href":"https:\/\/api.w.org\/{rel}","templated":true}]}}