{"id":1933,"date":"2023-04-22T14:15:43","date_gmt":"2023-04-22T14:15:43","guid":{"rendered":"https:\/\/chasingadventures.com.pe\/tour\/bicicleta-de-montana\/"},"modified":"2023-05-03T21:20:39","modified_gmt":"2023-05-03T21:20:39","slug":"bicicleta-de-montana","status":"publish","type":"product","link":"https:\/\/chasingadventures.com.pe\/es\/tours\/bicicleta-de-montana\/","title":{"rendered":"BICICLETA DE MONTA\u00d1A"},"content":{"rendered":"<p>LUGARES: Punta Ol\u00edmpica &#8211; Portachuelo &amp; Quebrada Llanganuco &#8211; Punta Callan &#8211; Pitek.<\/p>\n<p>DURACI\u00d3N: Desde 3 hrs hasta 7 d\u00edas.<\/p>\n<p>DIFICULTAD: F\u00e1cil a profesional.<\/p>\n<p>ALTITUDES: 3750m a 4,750 m.s.n.m.<\/p>\n<p>\u00c9POCA: Todo el a\u00f1o.<\/p>\n<p>Descubre las rutas m\u00e1s desafiantes, pintorescas y con vistas espectaculares que ofrece la majestuosa Cordillera Blanca y Negra del Per\u00fa. Mientras pedaleas por valles flanqueados por los imponentes picos de los Nevados, podr\u00e1s disfrutar de paisajes \u00fanicos en el mundo y contemplar lagos cristalinos. Con altitudes superiores a los 4.750 metros, te maravillaras con las impresionantes vistas que se extienden desde las alturas hasta los verdes valles, y descubrir\u00e1s la riqueza de la cultura andina al recorrer en bicicleta el campo rural. No pierdas esta oportunidad de vivir una experiencia \u00fanica en la vida. \u00a1\u00danete a nosotros y siente la emoci\u00f3n de explorar estos paisajes de ensue\u00f1o!<\/p>\n","protected":false},"excerpt":{"rendered":"<p>LUGARES: Punta Ol\u00edmpica &#8211; Portachuelo &amp; Quebrada Llanganuco &#8211; Punta Callan &#8211; Pitek. DURACI\u00d3N: Desde 3 hrs hasta 7 d\u00edas. DIFICULTAD: F\u00e1cil a profesional. ALTITUDES:<\/p>\n<div class=\"padding-top text-center\"><a href=\"https:\/\/chasingadventures.com.pe\/es\/tours\/bicicleta-de-montana\/\" class=\"atbtn atbtn--medium atbtn--rounded atbtn--transparent\">Read more<i class=\"atbtn__icon atbtn__icon--right fa fa-long-arrow-right\"><\/i><\/a><\/div>\n","protected":false},"featured_media":1703,"template":"","meta":[],"product_brand":[],"product_cat":[168],"product_tag":[199,178,220,193,206,207,208,209,210],"class_list":{"0":"post-1933","1":"product","2":"type-product","3":"status-publish","4":"has-post-thumbnail","6":"product_cat-deportes-de-aventura","7":"product_tag-bicicleta-de-montana","8":"product_tag-chasing-adventures-es-2","9":"product_tag-deportes-de-aventura","10":"product_tag-huaraz-es","11":"product_tag-pitek-es","12":"product_tag-portachuelo-es","13":"product_tag-punta-callan-es","14":"product_tag-punta-olimpica-es","15":"product_tag-quebrada-llanganuco-es","16":"tour_category-deportes-de-aventura","18":"first","19":"instock","20":"shipping-taxable","21":"purchasable","22":"product-type-tour"},"_links":{"self":[{"href":"https:\/\/chasingadventures.com.pe\/es\/wp-json\/wp\/v2\/product\/1933","targetHints":{"allow":["GET"]}}],"collection":[{"href":"https:\/\/chasingadventures.com.pe\/es\/wp-json\/wp\/v2\/product"}],"about":[{"href":"https:\/\/chasingadventures.com.pe\/es\/wp-json\/wp\/v2\/types\/product"}],"wp:featuredmedia":[{"embeddable":true,"href":"https:\/\/chasingadventures.com.pe\/es\/wp-json\/wp\/v2\/media\/1703"}],"wp:attachment":[{"href":"https:\/\/chasingadventures.com.pe\/es\/wp-json\/wp\/v2\/media?parent=1933"}],"wp:term":[{"taxonomy":"product_brand","embeddable":true,"href":"https:\/\/chasingadventures.com.pe\/es\/wp-json\/wp\/v2\/product_brand?post=1933"},{"taxonomy":"product_cat","embeddable":true,"href":"https:\/\/chasingadventures.com.pe\/es\/wp-json\/wp\/v2\/product_cat?post=1933"},{"taxonomy":"product_tag","embeddable":true,"href":"https:\/\/chasingadventures.com.pe\/es\/wp-json\/wp\/v2\/product_tag?post=1933"}],"curies":[{"name":"wp","href":"https:\/\/api.w.org\/{rel}","templated":true}]}}