{"id":1932,"date":"2023-04-22T14:30:31","date_gmt":"2023-04-22T14:30:31","guid":{"rendered":"https:\/\/chasingadventures.com.pe\/tour\/escalada-en-roca\/"},"modified":"2023-05-03T21:21:33","modified_gmt":"2023-05-03T21:21:33","slug":"escalada-en-roca","status":"publish","type":"product","link":"https:\/\/chasingadventures.com.pe\/es\/tours\/escalada-en-roca\/","title":{"rendered":"ESCALADA EN ROCA"},"content":{"rendered":"<p>LUGARES: Los Olivos -Hatun Machay-Atacocha- Chancos.<\/p>\n<p>DURACI\u00d3N: Desde 3 hrs hasta 3 d\u00edas de escalada.<\/p>\n<p>DIFICULTAD: F\u00e1cil a profesional.<\/p>\n<p>ALTITUDES: 3100m a 4,200 m.s.n.m.<\/p>\n<p>\u00c9POCA: Todo el a\u00f1o.<\/p>\n<p>&nbsp;<\/p>\n<p>\u00a1Descubre la emoci\u00f3n de la escalada en roca con nuestro equipo de expertos! Ofrecemos opciones para todos los niveles, desde principiantes hasta escaladores experimentados, en lugares impresionantes como la Cordillera Blanca y Negra. Pon a prueba tus habilidades de escalada de manera segura y divertida, con una variedad de rutas para elegir. Proporcionamos equipos especializados de \u00faltima generaci\u00f3n para garantizar tu seguridad y comodidad durante toda la experiencia. \u00a1Solo trae tu entusiasmo y prep\u00e1rate para desafiarte a ti mismo en una aventura \u00fanica!<\/p>\n","protected":false},"excerpt":{"rendered":"<p>LUGARES: Los Olivos -Hatun Machay-Atacocha- Chancos. DURACI\u00d3N: Desde 3 hrs hasta 3 d\u00edas de escalada. DIFICULTAD: F\u00e1cil a profesional. ALTITUDES: 3100m a 4,200 m.s.n.m. \u00c9POCA:<\/p>\n<div class=\"padding-top text-center\"><a href=\"https:\/\/chasingadventures.com.pe\/es\/tours\/escalada-en-roca\/\" class=\"atbtn atbtn--medium atbtn--rounded atbtn--transparent\">Read more<i class=\"atbtn__icon atbtn__icon--right fa fa-long-arrow-right\"><\/i><\/a><\/div>\n","protected":false},"featured_media":1709,"template":"","meta":[],"product_brand":[],"product_cat":[168],"product_tag":[220,234,193],"class_list":{"0":"post-1932","1":"product","2":"type-product","3":"status-publish","4":"has-post-thumbnail","6":"product_cat-deportes-de-aventura","7":"product_tag-deportes-de-aventura","8":"product_tag-escalada-en-roca","9":"product_tag-huaraz-es","10":"tour_category-deportes-de-aventura","12":"first","13":"instock","14":"shipping-taxable","15":"purchasable","16":"product-type-tour"},"_links":{"self":[{"href":"https:\/\/chasingadventures.com.pe\/es\/wp-json\/wp\/v2\/product\/1932","targetHints":{"allow":["GET"]}}],"collection":[{"href":"https:\/\/chasingadventures.com.pe\/es\/wp-json\/wp\/v2\/product"}],"about":[{"href":"https:\/\/chasingadventures.com.pe\/es\/wp-json\/wp\/v2\/types\/product"}],"wp:featuredmedia":[{"embeddable":true,"href":"https:\/\/chasingadventures.com.pe\/es\/wp-json\/wp\/v2\/media\/1709"}],"wp:attachment":[{"href":"https:\/\/chasingadventures.com.pe\/es\/wp-json\/wp\/v2\/media?parent=1932"}],"wp:term":[{"taxonomy":"product_brand","embeddable":true,"href":"https:\/\/chasingadventures.com.pe\/es\/wp-json\/wp\/v2\/product_brand?post=1932"},{"taxonomy":"product_cat","embeddable":true,"href":"https:\/\/chasingadventures.com.pe\/es\/wp-json\/wp\/v2\/product_cat?post=1932"},{"taxonomy":"product_tag","embeddable":true,"href":"https:\/\/chasingadventures.com.pe\/es\/wp-json\/wp\/v2\/product_tag?post=1932"}],"curies":[{"name":"wp","href":"https:\/\/api.w.org\/{rel}","templated":true}]}}