{"id":1929,"date":"2023-04-20T15:02:25","date_gmt":"2023-04-20T15:02:25","guid":{"rendered":"https:\/\/chasingadventures.com.pe\/tour\/laguna-hualcacocha\/"},"modified":"2023-06-06T00:06:55","modified_gmt":"2023-06-06T00:06:55","slug":"laguna-hualcacocha","status":"publish","type":"product","link":"https:\/\/chasingadventures.com.pe\/es\/tours\/laguna-hualcacocha\/","title":{"rendered":"LAGUNA HUALCACOCHA"},"content":{"rendered":"<p><span style=\"font-weight: 400;\">DISTANCIA: 6 km( 4 hrs aprox de caminata).<\/span><\/p>\n<p><span style=\"font-weight: 400;\">DURACI\u00d3N: 10 hrs aprox.<\/span><\/p>\n<p><span style=\"font-weight: 400;\">DIFICULTAD: Moderado.<\/span><\/p>\n<p><span style=\"font-weight: 400;\">ALTITUD:<\/span> 3850m <span style=\"font-weight: 400;\">to<\/span> 4,355 M.S.N.M.<\/p>\n<p><span style=\"font-weight: 400;\">\u00c9POCA: Todo el a\u00f1o.<\/span><\/p>\n<p>\u00a1Descubre la maravilla natural de la ruta de senderismo menos explorada de la Cordillera Blanca de Per\u00fa! Esta actividad de caminata es perfecta para la aclimataci\u00f3n y te llevar\u00e1 a trav\u00e9s de un hermoso paisaje al pie del impresionante nevado Tsucallaraju. Al final del camino te espera una incre\u00edble laguna de color verde turquesa, rodeada de la exuberante vegetaci\u00f3n t\u00edpica de la regi\u00f3n alto andina. \u00danete a nosotros en esta emocionante aventura y d\u00e9janos llevarte a explorar una de las joyas escondidas de la Cordillera Blanca.<\/p>\n","protected":false},"excerpt":{"rendered":"<p>DISTANCIA: 6 km( 4 hrs aprox de caminata). DURACI\u00d3N: 10 hrs aprox. DIFICULTAD: Moderado. ALTITUD: 3850m to 4,355 M.S.N.M. \u00c9POCA: Todo el a\u00f1o. \u00a1Descubre la<\/p>\n<div class=\"padding-top text-center\"><a href=\"https:\/\/chasingadventures.com.pe\/es\/tours\/laguna-hualcacocha\/\" class=\"atbtn atbtn--medium atbtn--rounded atbtn--transparent\">Read more<i class=\"atbtn__icon atbtn__icon--right fa fa-long-arrow-right\"><\/i><\/a><\/div>\n","protected":false},"featured_media":1852,"template":"","meta":[],"product_brand":[],"product_cat":[170],"product_tag":[178,184,193,189,215,214],"class_list":{"0":"post-1929","1":"product","2":"type-product","3":"status-publish","4":"has-post-thumbnail","6":"product_cat-caminatas","7":"product_tag-chasing-adventures-es-2","8":"product_tag-cordillera-blanca-es","9":"product_tag-huaraz-es","10":"product_tag-laguna-hualcacocha","11":"product_tag-montana-tsucallaraju","12":"product_tag-tours-es","13":"tour_category-caminatas","15":"first","16":"instock","17":"shipping-taxable","18":"purchasable","19":"product-type-tour"},"_links":{"self":[{"href":"https:\/\/chasingadventures.com.pe\/es\/wp-json\/wp\/v2\/product\/1929","targetHints":{"allow":["GET"]}}],"collection":[{"href":"https:\/\/chasingadventures.com.pe\/es\/wp-json\/wp\/v2\/product"}],"about":[{"href":"https:\/\/chasingadventures.com.pe\/es\/wp-json\/wp\/v2\/types\/product"}],"wp:featuredmedia":[{"embeddable":true,"href":"https:\/\/chasingadventures.com.pe\/es\/wp-json\/wp\/v2\/media\/1852"}],"wp:attachment":[{"href":"https:\/\/chasingadventures.com.pe\/es\/wp-json\/wp\/v2\/media?parent=1929"}],"wp:term":[{"taxonomy":"product_brand","embeddable":true,"href":"https:\/\/chasingadventures.com.pe\/es\/wp-json\/wp\/v2\/product_brand?post=1929"},{"taxonomy":"product_cat","embeddable":true,"href":"https:\/\/chasingadventures.com.pe\/es\/wp-json\/wp\/v2\/product_cat?post=1929"},{"taxonomy":"product_tag","embeddable":true,"href":"https:\/\/chasingadventures.com.pe\/es\/wp-json\/wp\/v2\/product_tag?post=1929"}],"curies":[{"name":"wp","href":"https:\/\/api.w.org\/{rel}","templated":true}]}}