{"id":1928,"date":"2023-04-20T14:50:46","date_gmt":"2023-04-20T14:50:46","guid":{"rendered":"https:\/\/chasingadventures.com.pe\/tour\/laguna-churup\/"},"modified":"2023-06-06T00:07:43","modified_gmt":"2023-06-06T00:07:43","slug":"laguna-churup","status":"publish","type":"product","link":"https:\/\/chasingadventures.com.pe\/es\/tours\/laguna-churup\/","title":{"rendered":"LAGUNA CHURUP"},"content":{"rendered":"<p>DISTANCIA: 3,5 km(<\/p>\n<p>DURACI\u00d3N: 5 hrs aprox de caminata.<\/p>\n<p>DIFICULTAD: Moderado a dif\u00edcil.<\/p>\n<p>ALTITUD: 3800m to 4,450 m.s.n.m.<\/p>\n<p>\u00c9POCA: Todo el a\u00f1o.<\/p>\n<p>Bienvenidos a Laguna Churup, uno de los destinos m\u00e1s impresionantes que la Cordillera Blanca de Per\u00fa tiene para ofrecer. Situada al este de Huaraz, est\u00e1 joya es un oasis natural rodeado de imponentes monta\u00f1as y espectaculares paisajes andinos.<\/p>\n<p>Lo que hace que la Laguna Churup sea tan especial es su sorprendente cambio de color, que var\u00eda seg\u00fan la posici\u00f3n del sol y la temperatura, creando un efecto m\u00e1gico que la convierte en un destino \u00fanico en la zona. Adem\u00e1s, est\u00e1 rodeada por hermosos bosques de quenuales, quishuares e ichu, lo que le da a la laguna una belleza natural incomparable.<\/p>\n","protected":false},"excerpt":{"rendered":"<p>DISTANCIA: 3,5 km( DURACI\u00d3N: 5 hrs aprox de caminata. DIFICULTAD: Moderado a dif\u00edcil. ALTITUD: 3800m to 4,450 m.s.n.m. \u00c9POCA: Todo el a\u00f1o. Bienvenidos a Laguna<\/p>\n<div class=\"padding-top text-center\"><a href=\"https:\/\/chasingadventures.com.pe\/es\/tours\/laguna-churup\/\" class=\"atbtn atbtn--medium atbtn--rounded atbtn--transparent\">Read more<i class=\"atbtn__icon atbtn__icon--right fa fa-long-arrow-right\"><\/i><\/a><\/div>\n","protected":false},"featured_media":1643,"template":"","meta":[],"product_brand":[],"product_cat":[170],"product_tag":[178,184,193,182,214],"class_list":{"0":"post-1928","1":"product","2":"type-product","3":"status-publish","4":"has-post-thumbnail","6":"product_cat-caminatas","7":"product_tag-chasing-adventures-es-2","8":"product_tag-cordillera-blanca-es","9":"product_tag-huaraz-es","10":"product_tag-laguna-churup","11":"product_tag-tours-es","12":"tour_category-caminatas","14":"first","15":"instock","16":"shipping-taxable","17":"purchasable","18":"product-type-tour"},"_links":{"self":[{"href":"https:\/\/chasingadventures.com.pe\/es\/wp-json\/wp\/v2\/product\/1928","targetHints":{"allow":["GET"]}}],"collection":[{"href":"https:\/\/chasingadventures.com.pe\/es\/wp-json\/wp\/v2\/product"}],"about":[{"href":"https:\/\/chasingadventures.com.pe\/es\/wp-json\/wp\/v2\/types\/product"}],"wp:featuredmedia":[{"embeddable":true,"href":"https:\/\/chasingadventures.com.pe\/es\/wp-json\/wp\/v2\/media\/1643"}],"wp:attachment":[{"href":"https:\/\/chasingadventures.com.pe\/es\/wp-json\/wp\/v2\/media?parent=1928"}],"wp:term":[{"taxonomy":"product_brand","embeddable":true,"href":"https:\/\/chasingadventures.com.pe\/es\/wp-json\/wp\/v2\/product_brand?post=1928"},{"taxonomy":"product_cat","embeddable":true,"href":"https:\/\/chasingadventures.com.pe\/es\/wp-json\/wp\/v2\/product_cat?post=1928"},{"taxonomy":"product_tag","embeddable":true,"href":"https:\/\/chasingadventures.com.pe\/es\/wp-json\/wp\/v2\/product_tag?post=1928"}],"curies":[{"name":"wp","href":"https:\/\/api.w.org\/{rel}","templated":true}]}}