{"id":1927,"date":"2023-04-20T14:35:46","date_gmt":"2023-04-20T14:35:46","guid":{"rendered":"https:\/\/chasingadventures.com.pe\/tour\/laguna-llaca\/"},"modified":"2023-06-06T00:08:37","modified_gmt":"2023-06-06T00:08:37","slug":"laguna-llaca","status":"publish","type":"product","link":"https:\/\/chasingadventures.com.pe\/es\/tours\/laguna-llaca\/","title":{"rendered":"LAGUNA LLACA"},"content":{"rendered":"<p>DISTANCiA: 5 km. (6 hrs aprox de caminata).<\/p>\n<p>DURACI\u00d3N: 10 hrs aprox.<\/p>\n<p>DIFICULTAD: F\u00e1cil a Moderado.<\/p>\n<p>ALTITUD: 3,850m to 4,474 msnm.<\/p>\n<p>\u00c9POCA: Todo el a\u00f1o.<\/p>\n<p>Si eres un apasionado de la naturaleza y del senderismo, no puedes dejar de explorar el valle de Llaca. All\u00ed, descubrir\u00e1s la belleza incomparable del Lago y su entorno natural, tesoros que te robar\u00e1n el aliento. La ruta de senderismo que atraviesa este valle es una experiencia \u00fanica para los visitantes, sumergi\u00e9ndose en una aventura inolvidable con vistas impresionantes de las majestuosas monta\u00f1as nevadas de Ranrapalca, Ocshapalca y Janyaraju. Adem\u00e1s, el sereno R\u00edo Llaca fluye a lo largo del valle, brindando una sensaci\u00f3n de paz y tranquilidad mientras caminas a su lado, una experiencia verdaderamente inolvidable.<\/p>\n<p>Si buscas conectarte con la naturaleza y descubrir lugares \u00fanicos, el valle de Llaca es el destino perfecto.<\/p>\n","protected":false},"excerpt":{"rendered":"<p>DISTANCiA: 5 km. (6 hrs aprox de caminata). DURACI\u00d3N: 10 hrs aprox. DIFICULTAD: F\u00e1cil a Moderado. ALTITUD: 3,850m to 4,474 msnm. \u00c9POCA: Todo el a\u00f1o.<\/p>\n<div class=\"padding-top text-center\"><a href=\"https:\/\/chasingadventures.com.pe\/es\/tours\/laguna-llaca\/\" class=\"atbtn atbtn--medium atbtn--rounded atbtn--transparent\">Read more<i class=\"atbtn__icon atbtn__icon--right fa fa-long-arrow-right\"><\/i><\/a><\/div>\n","protected":false},"featured_media":2039,"template":"","meta":[],"product_brand":[],"product_cat":[170],"product_tag":[178,193,197,214,216],"class_list":{"0":"post-1927","1":"product","2":"type-product","3":"status-publish","4":"has-post-thumbnail","6":"product_cat-caminatas","7":"product_tag-chasing-adventures-es-2","8":"product_tag-huaraz-es","9":"product_tag-laguna-llaca","10":"product_tag-tours-es","11":"product_tag-valle","12":"tour_category-caminatas","14":"first","15":"instock","16":"shipping-taxable","17":"purchasable","18":"product-type-tour"},"_links":{"self":[{"href":"https:\/\/chasingadventures.com.pe\/es\/wp-json\/wp\/v2\/product\/1927","targetHints":{"allow":["GET"]}}],"collection":[{"href":"https:\/\/chasingadventures.com.pe\/es\/wp-json\/wp\/v2\/product"}],"about":[{"href":"https:\/\/chasingadventures.com.pe\/es\/wp-json\/wp\/v2\/types\/product"}],"wp:featuredmedia":[{"embeddable":true,"href":"https:\/\/chasingadventures.com.pe\/es\/wp-json\/wp\/v2\/media\/2039"}],"wp:attachment":[{"href":"https:\/\/chasingadventures.com.pe\/es\/wp-json\/wp\/v2\/media?parent=1927"}],"wp:term":[{"taxonomy":"product_brand","embeddable":true,"href":"https:\/\/chasingadventures.com.pe\/es\/wp-json\/wp\/v2\/product_brand?post=1927"},{"taxonomy":"product_cat","embeddable":true,"href":"https:\/\/chasingadventures.com.pe\/es\/wp-json\/wp\/v2\/product_cat?post=1927"},{"taxonomy":"product_tag","embeddable":true,"href":"https:\/\/chasingadventures.com.pe\/es\/wp-json\/wp\/v2\/product_tag?post=1927"}],"curies":[{"name":"wp","href":"https:\/\/api.w.org\/{rel}","templated":true}]}}