{"id":1926,"date":"2023-04-15T12:01:46","date_gmt":"2023-04-15T12:01:46","guid":{"rendered":"https:\/\/chasingadventures.com.pe\/tour\/aclimatacion-chasing-adventures\/"},"modified":"2023-06-06T00:10:14","modified_gmt":"2023-06-06T00:10:14","slug":"aclimatacion","status":"publish","type":"product","link":"https:\/\/chasingadventures.com.pe\/es\/tours\/aclimatacion\/","title":{"rendered":"ACLIMATACI\u00d3N CHASING ADVENTURES"},"content":{"rendered":"<p>DISTANCiA: 5 km. (6 hrs aprox de caminata).<\/p>\n<p>DURACI\u00d3N: 3.5 hrs.<\/p>\n<p>DIFICULTAD: F\u00e1cil.<\/p>\n<p>ALTITUD: 3100m to 3,450 m.s.n.m.<\/p>\n<p>\u00c9POCA: Todo el a\u00f1o.<\/p>\n<p>\u00a1Prep\u00e1rate para una experiencia \u00fanica en Huaraz! Aprovecha esta excelente opci\u00f3n para aclimatarse r\u00e1pidamente antes de continuar tus tours o caminatas. Y lo mejor de todo, disfruta de una vista espectacular desde un mirador exclusivo, donde tendr\u00e1s el privilegio de presenciar el impresionante espect\u00e1culo de la ca\u00edda del sol.<br \/>\nDesde all\u00ed, contempla las vistas panor\u00e1micas hacia la majestuosa Cordillera Blanca, la ciudad de Huaraz y el callej\u00f3n Huaylas, donde podr\u00e1s observar la fauna y flora de la zona. \u00a1No te pierdas esta oportunidad \u00fanica de disfrutar la belleza natural mientra te aclimatas para tus siguientes aventuras!\u00bb<\/p>\n","protected":false},"excerpt":{"rendered":"<p>DISTANCiA: 5 km. (6 hrs aprox de caminata). DURACI\u00d3N: 3.5 hrs. DIFICULTAD: F\u00e1cil. ALTITUD: 3100m to 3,450 m.s.n.m. \u00c9POCA: Todo el a\u00f1o. \u00a1Prep\u00e1rate para una<\/p>\n<div class=\"padding-top text-center\"><a href=\"https:\/\/chasingadventures.com.pe\/es\/tours\/aclimatacion\/\" class=\"atbtn atbtn--medium atbtn--rounded atbtn--transparent\">Read more<i class=\"atbtn__icon atbtn__icon--right fa fa-long-arrow-right\"><\/i><\/a><\/div>\n","protected":false},"featured_media":1646,"template":"","meta":[],"product_brand":[],"product_cat":[170],"product_tag":[219,196,178,184,193,214],"class_list":{"0":"post-1926","1":"product","2":"type-product","3":"status-publish","4":"has-post-thumbnail","6":"product_cat-caminatas","7":"product_tag-aclimatacion","8":"product_tag-callejon-de-huaylas","9":"product_tag-chasing-adventures-es-2","10":"product_tag-cordillera-blanca-es","11":"product_tag-huaraz-es","12":"product_tag-tours-es","13":"tour_category-caminatas","15":"first","16":"instock","17":"shipping-taxable","18":"purchasable","19":"product-type-tour"},"_links":{"self":[{"href":"https:\/\/chasingadventures.com.pe\/es\/wp-json\/wp\/v2\/product\/1926","targetHints":{"allow":["GET"]}}],"collection":[{"href":"https:\/\/chasingadventures.com.pe\/es\/wp-json\/wp\/v2\/product"}],"about":[{"href":"https:\/\/chasingadventures.com.pe\/es\/wp-json\/wp\/v2\/types\/product"}],"wp:featuredmedia":[{"embeddable":true,"href":"https:\/\/chasingadventures.com.pe\/es\/wp-json\/wp\/v2\/media\/1646"}],"wp:attachment":[{"href":"https:\/\/chasingadventures.com.pe\/es\/wp-json\/wp\/v2\/media?parent=1926"}],"wp:term":[{"taxonomy":"product_brand","embeddable":true,"href":"https:\/\/chasingadventures.com.pe\/es\/wp-json\/wp\/v2\/product_brand?post=1926"},{"taxonomy":"product_cat","embeddable":true,"href":"https:\/\/chasingadventures.com.pe\/es\/wp-json\/wp\/v2\/product_cat?post=1926"},{"taxonomy":"product_tag","embeddable":true,"href":"https:\/\/chasingadventures.com.pe\/es\/wp-json\/wp\/v2\/product_tag?post=1926"}],"curies":[{"name":"wp","href":"https:\/\/api.w.org\/{rel}","templated":true}]}}