{"id":1908,"date":"2023-04-26T03:19:59","date_gmt":"2023-04-26T03:19:59","guid":{"rendered":"https:\/\/chasingadventures.com.pe\/tour\/travesia-campo-base-de-pisco-a-laguna-69\/"},"modified":"2023-05-24T20:46:48","modified_gmt":"2023-05-24T20:46:48","slug":"travesia-pisco-laguna-69-trek","status":"publish","type":"product","link":"https:\/\/chasingadventures.com.pe\/es\/tours\/travesia-pisco-laguna-69-trek\/","title":{"rendered":"TRAVES\u00cdA CAMPO BASE DE PISCO A LAGUNA 69"},"content":{"rendered":"<p>Ubicaci\u00f3n: Cordillera Blanca<\/p>\n<p>Duraci\u00f3n: 2 d\u00edas \/ 1 noche<\/p>\n<p>Distancia: 18 km<\/p>\n<p>Elevaci\u00f3n maxima: 4900 <span style=\"font-weight: 400;\">MSNM<\/span> (Viewpoint)<\/p>\n<p>Dificultad: Moderada<\/p>\n<p>Mejor temporada: Abril &#8211; Noviembre<\/p>\n<p>&nbsp;<\/p>\n<p>\u00bfBuscas una aventura desafiante en la majestuosa Cordillera Blanca? \u00a1Tenemos la soluci\u00f3n perfecta para ti! La traves\u00eda desde CB Pisco hasta la Laguna 69 es una experiencia \u00fanica que nos llevar\u00e1 a trav\u00e9s de impresionantes paisajes y monta\u00f1as imponentes. Durante el primer d\u00eda de la caminata, pasaremos la noche en el campamento base de pico. Despu\u00e9s, en el segundo d\u00eda, nos dirigiremos a la hermosa Laguna 69, famosa por su impresionante color turquesa, situada en la base de las monta\u00f1as Pisco y Chacraraju. \u00bfEst\u00e1s listo para vivir una aventura inolvidable? \u00a1\u00danete a nosotros en esta emocionante caminata!<\/p>\n","protected":false},"excerpt":{"rendered":"<p>Ubicaci\u00f3n: Cordillera Blanca Duraci\u00f3n: 2 d\u00edas \/ 1 noche Distancia: 18 km Elevaci\u00f3n maxima: 4900 MSNM (Viewpoint) Dificultad: Moderada Mejor temporada: Abril &#8211; Noviembre &nbsp;<\/p>\n<div class=\"padding-top text-center\"><a href=\"https:\/\/chasingadventures.com.pe\/es\/tours\/travesia-pisco-laguna-69-trek\/\" class=\"atbtn atbtn--medium atbtn--rounded atbtn--transparent\">Read more<i class=\"atbtn__icon atbtn__icon--right fa fa-long-arrow-right\"><\/i><\/a><\/div>\n","protected":false},"featured_media":1849,"template":"","meta":[],"product_brand":[],"product_cat":[172],"product_tag":[178,184,193,166,205,239,214,238],"class_list":{"0":"post-1908","1":"product","2":"type-product","3":"status-publish","4":"has-post-thumbnail","6":"product_cat-trekking-es","7":"product_tag-chasing-adventures-es-2","8":"product_tag-cordillera-blanca-es","9":"product_tag-huaraz-es","10":"product_tag-laguna-69","11":"product_tag-pisco-es","12":"product_tag-senderismo-es","13":"product_tag-tours-es","14":"product_tag-trek-es","15":"tour_category-trekking-es","17":"first","18":"instock","19":"shipping-taxable","20":"purchasable","21":"product-type-tour"},"_links":{"self":[{"href":"https:\/\/chasingadventures.com.pe\/es\/wp-json\/wp\/v2\/product\/1908","targetHints":{"allow":["GET"]}}],"collection":[{"href":"https:\/\/chasingadventures.com.pe\/es\/wp-json\/wp\/v2\/product"}],"about":[{"href":"https:\/\/chasingadventures.com.pe\/es\/wp-json\/wp\/v2\/types\/product"}],"wp:featuredmedia":[{"embeddable":true,"href":"https:\/\/chasingadventures.com.pe\/es\/wp-json\/wp\/v2\/media\/1849"}],"wp:attachment":[{"href":"https:\/\/chasingadventures.com.pe\/es\/wp-json\/wp\/v2\/media?parent=1908"}],"wp:term":[{"taxonomy":"product_brand","embeddable":true,"href":"https:\/\/chasingadventures.com.pe\/es\/wp-json\/wp\/v2\/product_brand?post=1908"},{"taxonomy":"product_cat","embeddable":true,"href":"https:\/\/chasingadventures.com.pe\/es\/wp-json\/wp\/v2\/product_cat?post=1908"},{"taxonomy":"product_tag","embeddable":true,"href":"https:\/\/chasingadventures.com.pe\/es\/wp-json\/wp\/v2\/product_tag?post=1908"}],"curies":[{"name":"wp","href":"https:\/\/api.w.org\/{rel}","templated":true}]}}