{"id":1916,"date":"2023-04-19T13:30:39","date_gmt":"2023-04-19T13:30:39","guid":{"rendered":"https:\/\/chasingadventures.com.pe\/?page_id=1916"},"modified":"2023-05-02T13:36:51","modified_gmt":"2023-05-02T13:36:51","slug":"politica-de-privacidad","status":"publish","type":"page","link":"https:\/\/chasingadventures.com.pe\/es\/politica-de-privacidad\/","title":{"rendered":"POL\u00cdTICA DE PRIVACIDAD"},"content":{"rendered":"<ul>\n<li>Chasing Adventures EIRL Te informa sobre sus Pol\u00edticas de Privacidad respecto al tratamiento y protecci\u00f3n de los datos personales de los usuarios y clientes que puedan ser recabados por el llenado de formularios en el sitio web, envi\u00f3 de correo electr\u00f3nico a nuestras direcciones, hacer uso del chat virtual, y realizar una compra en l\u00ednea en el sitio web www.chasingadventures.com.pe<\/li>\n<li>Los usuarios y\/o clientes otorgan sus datos personales de forma voluntaria, informada y segura, por tanto, el uso de formularios, chat virtual, env\u00edo de correo electr\u00f3nico y compra en l\u00ednea de servicios implica la aceptaci\u00f3n de esta Pol\u00edtica de Privacidad, as\u00ed como las condiciones incluidas en estas pol\u00edticas. de acuerdo a lo establecido en la ley N\u00b0.29733 &#8211; Ley de protecci\u00f3n de datos persona<\/li>\n<li>Im\u00e1genes promocionales: Chasing Adventures EIRL, puede utilizar cualquier imagen o fotograf\u00eda de nuestros clientes tomada durante los viajes sin cargo alguno en todos los medios (ya sean existentes o inventados en el futuro) para materiales promocionales de cualquier tipo, como en redes sociales, folletos, diapositivas, presentaciones de video e Internet.<\/li>\n<\/ul>\n<p>&nbsp;<\/p>\n","protected":false},"excerpt":{"rendered":"<p>Chasing Adventures EIRL Te informa sobre sus Pol\u00edticas de Privacidad respecto al tratamiento y protecci\u00f3n de los datos personales de los usuarios y clientes que<\/p>\n<div class=\"padding-top text-center\"><a href=\"https:\/\/chasingadventures.com.pe\/es\/politica-de-privacidad\/\" class=\"atbtn atbtn--medium atbtn--rounded atbtn--transparent\">Read more<i class=\"atbtn__icon atbtn__icon--right fa fa-long-arrow-right\"><\/i><\/a><\/div>\n","protected":false},"author":1,"featured_media":0,"parent":0,"menu_order":0,"comment_status":"closed","ping_status":"closed","template":"","meta":{"footnotes":""},"class_list":["post-1916","page","type-page","status-publish","hentry"],"_links":{"self":[{"href":"https:\/\/chasingadventures.com.pe\/es\/wp-json\/wp\/v2\/pages\/1916","targetHints":{"allow":["GET"]}}],"collection":[{"href":"https:\/\/chasingadventures.com.pe\/es\/wp-json\/wp\/v2\/pages"}],"about":[{"href":"https:\/\/chasingadventures.com.pe\/es\/wp-json\/wp\/v2\/types\/page"}],"author":[{"embeddable":true,"href":"https:\/\/chasingadventures.com.pe\/es\/wp-json\/wp\/v2\/users\/1"}],"replies":[{"embeddable":true,"href":"https:\/\/chasingadventures.com.pe\/es\/wp-json\/wp\/v2\/comments?post=1916"}],"version-history":[{"count":1,"href":"https:\/\/chasingadventures.com.pe\/es\/wp-json\/wp\/v2\/pages\/1916\/revisions"}],"predecessor-version":[{"id":1917,"href":"https:\/\/chasingadventures.com.pe\/es\/wp-json\/wp\/v2\/pages\/1916\/revisions\/1917"}],"wp:attachment":[{"href":"https:\/\/chasingadventures.com.pe\/es\/wp-json\/wp\/v2\/media?parent=1916"}],"curies":[{"name":"wp","href":"https:\/\/api.w.org\/{rel}","templated":true}]}}