{"id":1887,"date":"2023-04-19T15:30:09","date_gmt":"2023-04-19T15:30:09","guid":{"rendered":"https:\/\/chasingadventures.com.pe\/nosotros\/"},"modified":"2023-05-03T21:04:41","modified_gmt":"2023-05-03T21:04:41","slug":"nosotros","status":"publish","type":"page","link":"https:\/\/chasingadventures.com.pe\/es\/nosotros\/","title":{"rendered":"Nosotros"},"content":{"rendered":"<div class=\"wpb-content-wrapper\"><p>[vc_row][vc_column][vc_column_text]<\/p><p>[\/vc_column_text][\/vc_column][\/vc_row][vc_row css=\u00bb.vc_custom_1682695967330{padding-bottom: 25px !important;}\u00bb][vc_column offset=\u00bbvc_col-md-9&#8243;]<div class=\"title title--big\">\n\t\t<h3 class=\"title__primary\">About Chasing Adventures<\/h3>\n<\/div>\n[vc_column_text]<\/p>\r\n<p>Chasing Adventures EIRL is a Peruvian company based in Huaraz that offers personalized experiences to discover the Cordillera Blanca and Huayhuash. We provide a variety of tours, trekking, and mountaineering activities, as well as assistance and logistical support for individuals and groups. Our focus is on environmental protection and preservation, and our team consists of highly trained professionals who are passionate about the mountains and nature. We provide exceptional service to make our customers&#8217; experience unforgettable.<\/p>\r\n<p>[\/vc_column_text]<div class=\"icons-set\">\n\t<div class=\"row icons-set__row\">\n\t\t\t\t\t<div class=\"col-sm-6\">\n\t\t\t<div class=\"icons-set__item\">\n\t\t\t\t\t\t\t<div class=\"icons-set__item__field icons-set__item__field--fix-size\">\n\t\t\t\t<div class=\"icons-set__item__icon-wrap\"><i class=\"icons-set__item__icon fa fa-lightbulb-o\"><\/i><\/div>\t\t\t\t<\/div>\n\t\t\t\t\t\t\t<div class=\"icons-set__item__field\">\n\t\t\t\t<h3 class=\"icons-set__item__title\">Nuestra Filosof\u00eda <\/h3>\t\t\t\t\t<div class=\"icons-set__item__description\">Ready to explore the world with a group of passionate travelers who share your interests? Join our community and discover new destinations that will take you out of your comfort zone and challenge you to try new things. Our adventures are rated to ensure they match your fitness level and will push you to your limits. Don&#8217;t miss out on the chance to experience unique and unforgettable moments. Join us now and start your journey to discover new horizons!<br \/><\/div>\n\t\t\t\t<\/div>\n\t\t\t<\/div>\n\t\t<\/div>\n\t\t\t\t\t<div class=\"col-sm-6\">\n\t\t\t<div class=\"icons-set__item\">\n\t\t\t\t\t\t\t<div class=\"icons-set__item__field icons-set__item__field--fix-size\">\n\t\t\t\t<div class=\"icons-set__item__icon-wrap\"><i class=\"icons-set__item__icon fa fa-leaf\"><\/i><\/div>\t\t\t\t<\/div>\n\t\t\t\t\t\t\t<div class=\"icons-set__item__field\">\n\t\t\t\t<h3 class=\"icons-set__item__title\">Turismo Sostenible<\/h3>\t\t\t\t\t<div class=\"icons-set__item__description\">\u00abTrabajamos en estrecha colaboraci\u00f3n con las comunidades locales para promover su bienestar y ofrecer encuentros aut\u00e9nticos. Estamos comprometidos a apoyar y respetar sus culturas y formas de pensar. \u00danase a nosotros para una experiencia de viaje significativa y enriquecedora\u00bb.<\/div>\n\t\t\t\t<\/div>\n\t\t\t<\/div>\n\t\t<\/div>\n\t\t<\/div>\n<\/div>\n[\/vc_column][vc_column offset=\u00bbvc_col-md-3&#8243;][vc_empty_space height=\u00bb40px\u00bb el_class=\u00bbvisible-sm visible-xs\u00bb]<div class=\"form-block block-after-indent form-block--vertical\">\n\t<h3 class=\"form-block__title\">Buscar Tour <\/h3>\n\n\t<div class=\"form-block__description\">Encuentra hoy, el tour de tus sue\u00f1os!<\/div>\n\n\t<form method=\"get\" action=\"https:\/\/chasingadventures.com.pe\/es\/\">\n\t\t<input type=\"hidden\" name=\"toursearch\" value=\"1\"\/>\n\n\t\t\t<input type=\"hidden\" name=\"lang\" value=\"es\"\/>\n\t\n\t\t\t<div class=\"form-block__item form-block__field-width-icon\">\n\t\t\t<input type=\"text\" placeholder=\"Search Tour\" value=\"\" name=\"s\"\/>\n\t\t\t<i class=\"td-search-1\"><\/i>\n\t\t<\/div>\n\t\n\t\t\t<button type=\"submit\" class=\"atbtn atbtn--full-width atbtn--primary\">Buscar Tours<\/button>\n\t<\/form>\n<\/div>\n[\/vc_column][\/vc_row][vc_row][vc_column]<div id=\"swiper1\" class=\"tours-type-icons padding-top-large padding-bottom-large\">\n\t<div class=\"tours-type-icons__bg\" style=\"background:url(https:\/\/chasingadventures.com.pe\/wp-content\/uploads\/2023\/04\/bg-tours.jpg) no-repeat center\"><\/div>\n\t<div class=\"tours-type-icons__shadow\"><\/div>\n\t<div class=\"tours-type-icons__content\">\n\t\t<div class=\"title title--big title--center title--underline title--light title--underline-light title--decoration-bottom-center\">\n\t\t\t<div class=\"title__subtitle\">prefered by our customers<\/div>\n\t\t<h3 class=\"title__primary\">Encuentra un Tour<\/h3>\n<\/div>\n\t\t<div class=\"tours-type-icons__slider\">\n\t\t\t<div class=\"tours-type-icons__slider__controls\">\n\t\t\t\t<a class=\"tours-type-icons__slider__prev\" href=\"#\"><i class=\"fa fa-chevron-left\"><\/i><\/a>\n\t\t\t\t<a class=\"tours-type-icons__slider__next\" href=\"#\"><i class=\"fa fa-chevron-right\"><\/i><\/a>\n\t\t\t<\/div>\n\t\t\t<div class=\"swiper-container swiper-slider\">\n\t\t\t\t<div class=\"swiper-wrapper\">\n\t\t\t\t\t\t\t\t\t\t\t\t\t\t<div class=\"swiper-slide tours-type-icons__item\">\n\t\t\t\t\t\t<a href=\"https:\/\/chasingadventures.com.pe\/es\/tour-category\/caminatas\/\" class=\"tours-type-icons__item__container\">\n\t\t\t\t\t\t\t<span class=\"tours-type-icons__item__content\">\n\t\t\t\t\t\t\t\t<i class=\"\"><\/i>Caminatas\t\t\t\t\t\t\t<\/span>\n\t\t\t\t\t\t<\/a>\n\t\t\t\t\t<\/div>\n\t\t\t\t\t\t\t\t\t\t\t\t\t\t<div class=\"swiper-slide tours-type-icons__item\">\n\t\t\t\t\t\t<a href=\"https:\/\/chasingadventures.com.pe\/es\/tour-category\/deportes-de-aventura\/\" class=\"tours-type-icons__item__container\">\n\t\t\t\t\t\t\t<span class=\"tours-type-icons__item__content\">\n\t\t\t\t\t\t\t\t<i class=\"\"><\/i>Deportes de Aventura\t\t\t\t\t\t\t<\/span>\n\t\t\t\t\t\t<\/a>\n\t\t\t\t\t<\/div>\n\t\t\t\t\t\t\t\t\t\t\t\t\t\t<div class=\"swiper-slide tours-type-icons__item\">\n\t\t\t\t\t\t<a href=\"https:\/\/chasingadventures.com.pe\/es\/tour-category\/escalada-en-hielo\/\" class=\"tours-type-icons__item__container\">\n\t\t\t\t\t\t\t<span class=\"tours-type-icons__item__content\">\n\t\t\t\t\t\t\t\t<i class=\"\"><\/i>Escalada en Hielo\t\t\t\t\t\t\t<\/span>\n\t\t\t\t\t\t<\/a>\n\t\t\t\t\t<\/div>\n\t\t\t\t\t\t\t\t\t\t\t\t\t\t<div class=\"swiper-slide tours-type-icons__item\">\n\t\t\t\t\t\t<a href=\"https:\/\/chasingadventures.com.pe\/es\/tour-category\/tours-diarios\/\" class=\"tours-type-icons__item__container\">\n\t\t\t\t\t\t\t<span class=\"tours-type-icons__item__content\">\n\t\t\t\t\t\t\t\t<i class=\"\"><\/i>Tours Diarios\t\t\t\t\t\t\t<\/span>\n\t\t\t\t\t\t<\/a>\n\t\t\t\t\t<\/div>\n\t\t\t\t\t\t\t\t\t\t\t\t\t\t<div class=\"swiper-slide tours-type-icons__item\">\n\t\t\t\t\t\t<a href=\"https:\/\/chasingadventures.com.pe\/es\/tour-category\/trekking-es\/\" class=\"tours-type-icons__item__container\">\n\t\t\t\t\t\t\t<span class=\"tours-type-icons__item__content\">\n\t\t\t\t\t\t\t\t<i class=\"\"><\/i>Trekking\t\t\t\t\t\t\t<\/span>\n\t\t\t\t\t\t<\/a>\n\t\t\t\t\t<\/div>\n\t\t\t\t\t\t\t\t<\/div>\n\t\t\t<\/div>\n\t\t<\/div>\n\t<\/div>\n<\/div>\n[\/vc_column][\/vc_row][vc_row][vc_column][vc_column_text]<\/p>\r\n<p>&nbsp;<\/p><p>[\/vc_column_text][\/vc_column][\/vc_row]<\/p><\/div>","protected":false},"excerpt":{"rendered":"<p>[vc_row][vc_column][vc_column_text] [\/vc_column_text][\/vc_column][\/vc_row][vc_row css=\u00bb.vc_custom_1682695967330{padding-bottom: 25px !important;}\u00bb][vc_column offset=\u00bbvc_col-md-9&#8243;][vc_column_text] Chasing Adventures EIRL is a Peruvian company based in Huaraz that offers personalized experiences to discover the Cordillera Blanca<\/p>\n<div class=\"padding-top text-center\"><a href=\"https:\/\/chasingadventures.com.pe\/es\/nosotros\/\" class=\"atbtn atbtn--medium atbtn--rounded atbtn--transparent\">Read more<i class=\"atbtn__icon atbtn__icon--right fa fa-long-arrow-right\"><\/i><\/a><\/div>\n","protected":false},"author":1,"featured_media":0,"parent":0,"menu_order":0,"comment_status":"closed","ping_status":"closed","template":"","meta":{"footnotes":""},"class_list":["post-1887","page","type-page","status-publish","hentry"],"_links":{"self":[{"href":"https:\/\/chasingadventures.com.pe\/es\/wp-json\/wp\/v2\/pages\/1887","targetHints":{"allow":["GET"]}}],"collection":[{"href":"https:\/\/chasingadventures.com.pe\/es\/wp-json\/wp\/v2\/pages"}],"about":[{"href":"https:\/\/chasingadventures.com.pe\/es\/wp-json\/wp\/v2\/types\/page"}],"author":[{"embeddable":true,"href":"https:\/\/chasingadventures.com.pe\/es\/wp-json\/wp\/v2\/users\/1"}],"replies":[{"embeddable":true,"href":"https:\/\/chasingadventures.com.pe\/es\/wp-json\/wp\/v2\/comments?post=1887"}],"version-history":[{"count":9,"href":"https:\/\/chasingadventures.com.pe\/es\/wp-json\/wp\/v2\/pages\/1887\/revisions"}],"predecessor-version":[{"id":1974,"href":"https:\/\/chasingadventures.com.pe\/es\/wp-json\/wp\/v2\/pages\/1887\/revisions\/1974"}],"wp:attachment":[{"href":"https:\/\/chasingadventures.com.pe\/es\/wp-json\/wp\/v2\/media?parent=1887"}],"curies":[{"name":"wp","href":"https:\/\/api.w.org\/{rel}","templated":true}]}}